{"id":2868,"date":"2024-01-11T19:54:06","date_gmt":"2024-01-11T19:54:06","guid":{"rendered":"https:\/\/sscmusic4.wpcomstaging.com\/?page_id=1591"},"modified":"2024-04-16T12:27:06","modified_gmt":"2024-04-16T12:27:06","slug":"aboutus","status":"publish","type":"page","link":"https:\/\/sscmusic.com\/es\/aboutus\/","title":{"rendered":"Sobre nosotros"},"content":{"rendered":"<div class=\"wpb-content-wrapper\"><div class=\"vc_row wpb_row vc_row-fluid vc_custom_1491998156906\"><div class=\"wpb_column vc_column_container vc_col-sm-12\"><div class=\"vc_column-inner\"><div class=\"wpb_wrapper\"><h4 style=\"font-size: 13px;color: #686868;line-height: 16px;text-align: center\" class=\"vc_custom_heading vc_custom_1491998279415\">ACERCA DE<\/h4><h2 style=\"text-align: center\" class=\"vc_custom_heading vc_custom_1699362846782\">SSC MUSIC<\/h2>\t<div class=\"dividerwrap\" style=\"padding-top:25px; padding-bottom:px;\">\r\n\t\t<div class=\"defaultdivider center\" style=\"background-color:#0a0a0a\"><\/div>\r\n\t\t<div class=\"clear\"><\/div>\r\n\t<\/div><h3 style=\"text-align: center;font-family:ABeeZee;font-weight:400;font-style:italic\" class=\"vc_custom_heading\">Una historia de vida que cambi\u00f3 la m\u00fasica en Marruecos.<\/p>\n<p>SSC Music (Soldat Sergent Chef) es una productora y editorial musical con sede en Marruecos. Fue fundada en 2020 por Kania, una reconocida artista productora de origen marroqu\u00ed. Kania ha trabajado con muchos artistas nacionales de renombre, contribuyendo a numerosos \u00e9xitos afro, hip-hop y pop.<br \/>\nLos negocios de SSC Music incluyen producci\u00f3n musical, publicaci\u00f3n musical y desarrollo de artistas.<\/h3><\/div><\/div><\/div><\/div><div class=\"vc_row wpb_row vc_row-fluid vc_custom_1452106292953 vc_row-has-fill\"><div class=\"nopadding wpb_column vc_column_container vc_col-sm-12\"><div class=\"vc_column-inner\"><div class=\"wpb_wrapper\">\r\n\t<div class=\"wpb_single_image wpb_content_element vc_align_left\">\r\n\t\t\r\n\t\t<figure class=\"wpb_wrapper vc_figure\">\r\n\t\t\t<div class=\"vc_single_image-wrapper 0   vc_box_border_grey\"><img loading=\"lazy\" decoding=\"async\" width=\"911\" height=\"339\" src=\"https:\/\/sscmusic.com\/wp-content\/uploads\/2023\/12\/kania-ainak.jpg\" class=\"vc_single_image-img attachment-full\" alt=\"\" title=\"kania-ainak\" srcset=\"https:\/\/sscmusic.com\/wp-content\/uploads\/2023\/12\/kania-ainak.jpg 911w, https:\/\/sscmusic.com\/wp-content\/uploads\/2023\/12\/kania-ainak-559x208.jpg 559w, https:\/\/sscmusic.com\/wp-content\/uploads\/2023\/12\/kania-ainak-768x286.jpg 768w\" sizes=\"auto, (max-width: 911px) 100vw, 911px\" \/><\/div>\r\n\t\t<\/figure>\r\n\t<\/div>\r\n\n\t<div class=\"wpb_text_column wpb_content_element\" >\n\t\t<div class=\"wpb_wrapper\">\n\t\t\t<p style=\"text-align: center;\"><span style=\"font-family: helvetica;\">S\u00cdGANOS<\/span><\/p>\n\n\t\t<\/div>\n\t<\/div>\n<div class=\"vc_btn3-container vc_btn3-center\">\r\n\t<a class=\"vc_general vc_btn3 vc_btn3-size-md vc_btn3-shape-rounded vc_btn3-style-modern vc_btn3-color-grey\" href=\"https:\/\/www.instagram.com\/kania.ainak\/\" title=\"\">Instagram<\/a><\/div>\r\n<\/div><\/div><\/div><\/div><div class=\"vc_row wpb_row vc_row-fluid vc_custom_1491998717774\"><div class=\"wpb_column vc_column_container vc_col-sm-12\"><div class=\"vc_column-inner\"><div class=\"wpb_wrapper\"><div class=\"vc_row wpb_row vc_inner vc_row-fluid\"><div class=\"wpb_column vc_column_container vc_col-sm-12\"><div class=\"vc_column-inner\"><div class=\"wpb_wrapper\"><h4 style=\"font-size: 12px;color: #ffffff;line-height: 12px;text-align: left\" class=\"vc_custom_heading .costumespacing1 vc_custom_1704393731461\">EMPIEZA CON -<\/h4><h3 style=\"font-size: 30px;color: #ffffff;line-height: 38px;text-align: left;font-family:ABeeZee;font-weight:400;font-style:normal\" class=\"vc_custom_heading .costumespacing1\">Una pasi\u00f3n infinita por <i>m\u00fasica<\/i>, para<i> voces<\/i>,<br \/>\npara <i>descubrimiento<\/i>, para <i>gente<\/i>, para <i>vida<\/i>.<\/h3><\/div><\/div><\/div><\/div><div class=\"vc_empty_space\"   style=\"height: 10px\"><span class=\"vc_empty_space_inner\"><\/span><\/div><div class=\"vc_row wpb_row vc_inner vc_row-fluid vc_column-gap-30\"><div class=\"wpb_column vc_column_container vc_col-sm-6\"><div class=\"vc_column-inner\"><div class=\"wpb_wrapper\">\n\t<div class=\"wpb_text_column wpb_content_element vc_custom_1704393698743\" >\n\t\t<div class=\"wpb_wrapper\">\n\t\t\t<p>Conozca a Kania, una persona multifac\u00e9tica que desempe\u00f1a muchos roles en la industria de la m\u00fasica. Como presidente y director ejecutivo de SSC Music (acr\u00f3nimo de Soldat Sergent Chef), la visualizaci\u00f3n y perspectiva \u00fanicas de Kania lo han ayudado a ascender a la cima del negocio de la m\u00fasica en Marruecos.<br \/>\nNacido en Casablanca y criado en la ciudad de T\u00e1nger durante la mayor parte de sus a\u00f1os de formaci\u00f3n, finalmente se dirigi\u00f3 a B\u00e9lgica antes de regresar a su pa\u00eds de origen con el sue\u00f1o de crear un estudio de grabaci\u00f3n. Kania sab\u00eda que Marruecos es un lugar dif\u00edcil para que los artistas j\u00f3venes encuentren su lugar, por lo que se propuso cambiar eso; Y as\u00ed, lo que comenz\u00f3 como un estudio de grabaci\u00f3n pronto evolucion\u00f3 hasta convertirse en un sello discogr\u00e1fico independiente en tan solo un a\u00f1o.<\/p>\n<p>Sabiendo lo dif\u00edcil que puede ser para los artistas marroqu\u00edes lograr exposici\u00f3n internacional, Kania encontr\u00f3 la oportunidad de crear un camino que los ayudar\u00eda a convertirse en \u00e9xitos mundiales. Pronto comenz\u00f3 a curar y reimaginar su imagen y enfoque, buscando a los artistas m\u00e1s singulares con la mayor \u00e9tica de trabajo y lanzando nuevo material para el p\u00fablico marroqu\u00ed. Esto finalmente llam\u00f3 la atenci\u00f3n de artistas como Kouz1 y Mocci, quienes conectaron con Kania y se convirtieron en una fuerza. Kania dirigi\u00f3 creativamente sus im\u00e1genes y los impuls\u00f3 a superar sus lanzamientos anteriores, lo que hizo que su presencia se expandiera a nivel mundial.<\/p>\n\n\t\t<\/div>\n\t<\/div>\n<\/div><\/div><\/div><div class=\"wpb_column vc_column_container vc_col-sm-6\"><div class=\"vc_column-inner\"><div class=\"wpb_wrapper\">\n\t<div class=\"wpb_text_column wpb_content_element vc_custom_1704393713141\" >\n\t\t<div class=\"wpb_wrapper\">\n\t\t\t<p>En 2022, SSC Music se hab\u00eda convertido en el sello n\u00famero uno en todo Marruecos e incluso hab\u00eda consolidado su posici\u00f3n en el noroeste de \u00c1frica, atrayendo la atenci\u00f3n de sellos de renombre como Sony, Universal y Empire Records. Gracias a la visi\u00f3n innovadora y la incansable \u00e9tica de trabajo de Kania, se ha convertido en una figura respetada en el negocio de la m\u00fasica en Marruecos, y su sello contin\u00faa rompiendo barreras y descubriendo nuevos talentos.<\/p>\n\n\t\t<\/div>\n\t<\/div>\n<\/div><\/div><\/div><\/div><\/div><\/div><\/div><\/div><div data-vc-parallax=\"1.5\" data-vc-parallax-o-fade=\"on\" data-vc-parallax-image=\"\" class=\"vc_row wpb_row vc_row-fluid vc_custom_1705706748336 vc_row-has-fill vc_row-o-content-middle vc_row-flex vc_general vc_parallax vc_parallax-content-moving-fade js-vc_parallax-o-fade\"><div class=\"wpb_column vc_column_container vc_col-sm-12\"><div class=\"vc_column-inner\"><div class=\"wpb_wrapper\"><div class=\"vc_row wpb_row vc_inner vc_row-fluid\"><div class=\"wpb_column vc_column_container vc_col-sm-12\"><div class=\"vc_column-inner\"><div class=\"wpb_wrapper\"><h3 style=\"font-size: 30px;color: #25262d;line-height: 38px;text-align: center;font-family:ABeeZee;font-weight:400;font-style:normal\" class=\"vc_custom_heading vc_custom_1712348297330 fit_bg_text  fit_bg_center\">Sargento Jefe Soldado<br \/>\n<i><\/i><\/h3><div class=\"vc_btn3-container vc_btn3-center vc_custom_1706885060259\">\r\n\t<a class=\"vc_general vc_btn3 vc_btn3-size-lg vc_btn3-shape-square vc_btn3-style-outline vc_btn3-color-white\" href=\"https:\/\/sscmusic.com\/es\/contact\/\" title=\"\">Cont\u00e1ctenos<\/a><\/div>\r\n<\/div><\/div><\/div><\/div><\/div><\/div><\/div><\/div>\n<\/div>","protected":false},"excerpt":{"rendered":"ABOUTSSC MUSIC A life-story that changed the Music in morocco. SSC Music (Soldat Sergent Chef) is a music production and publishing house based in Morocco. It was founded in 2020 by Kania, a renowned artist producer of Moroccan origin. Kania has worked with many renowned national artists, contributing to numerous Afro, hip-hop and Pop hits. SSC Music\u2019s businesses include music production, music publishing and artist development. FOLLOW US Instagram IT START WITH -An endless passion for music, for voices, for [...]","protected":false},"author":1,"featured_media":0,"parent":0,"menu_order":0,"comment_status":"closed","ping_status":"closed","template":"","meta":{"_price":"","_stock":"","_tribe_ticket_header":"","_tribe_default_ticket_provider":"TEC\\Tickets\\Commerce\\Module","_tribe_ticket_capacity":"0","_ticket_start_date":"","_ticket_end_date":"","_tribe_ticket_show_description":"","_tribe_ticket_show_not_going":false,"_tribe_ticket_use_global_stock":"","_tribe_ticket_global_stock_level":"","_global_stock_mode":"","_global_stock_cap":"","_tribe_rsvp_for_event":"","_tribe_ticket_going_count":"","_tribe_ticket_not_going_count":"","_tribe_tickets_list":"[]","_tribe_ticket_has_attendee_info_fields":false,"footnotes":"","_tec_slr_enabled":"","_tec_slr_layout":""},"class_list":["post-2868","page","type-page","status-publish","hentry"],"yoast_head":"<!-- This site is optimized with the Yoast SEO Premium plugin v22.6 (Yoast SEO v27.5) - https:\/\/yoast.com\/product\/yoast-seo-premium-wordpress\/ -->\n<title>About US - SSC Music<\/title>\n<meta name=\"description\" content=\"SSC Music (Soldier Sergeant Chief Music) is a music production and publishing house based in Morocco. It was founded in 2020 by Kania\" \/>\n<meta name=\"robots\" content=\"index, follow, max-snippet:-1, max-image-preview:large, max-video-preview:-1\" \/>\n<link rel=\"canonical\" href=\"https:\/\/sscmusic.com\/es\/aboutus\/\" \/>\n<meta property=\"og:locale\" content=\"es_ES\" \/>\n<meta property=\"og:type\" content=\"article\" \/>\n<meta property=\"og:title\" content=\"About US\" \/>\n<meta property=\"og:description\" content=\"SSC Music (Soldier Sergeant Chief Music) is a music production and publishing house based in Morocco. It was founded in 2020 by Kania\" \/>\n<meta property=\"og:url\" content=\"https:\/\/sscmusic.com\/es\/aboutus\/\" \/>\n<meta property=\"og:site_name\" content=\"SSC Music\" \/>\n<meta property=\"article:publisher\" content=\"https:\/\/facebook.com\/SSCMusicproduction\" \/>\n<meta property=\"article:modified_time\" content=\"2024-04-16T12:27:06+00:00\" \/>\n<meta property=\"og:image\" content=\"https:\/\/sscmusic.com\/wp-content\/uploads\/2024\/02\/logo-page-one.jpg\" \/>\n\t<meta property=\"og:image:width\" content=\"2000\" \/>\n\t<meta property=\"og:image:height\" content=\"1600\" \/>\n\t<meta property=\"og:image:type\" content=\"image\/jpeg\" \/>\n<meta name=\"twitter:card\" content=\"summary_large_image\" \/>\n<meta name=\"twitter:label1\" content=\"Tiempo de lectura\" \/>\n\t<meta name=\"twitter:data1\" content=\"3 minutos\" \/>\n<script type=\"application\/ld+json\" class=\"yoast-schema-graph\">{\"@context\":\"https:\\\/\\\/schema.org\",\"@graph\":[{\"@type\":\"WebPage\",\"@id\":\"https:\\\/\\\/sscmusic.com\\\/aboutus\\\/\",\"url\":\"https:\\\/\\\/sscmusic.com\\\/aboutus\\\/\",\"name\":\"About US - SSC Music\",\"isPartOf\":{\"@id\":\"https:\\\/\\\/sscmusic.com\\\/#website\"},\"datePublished\":\"2024-01-11T19:54:06+00:00\",\"dateModified\":\"2024-04-16T12:27:06+00:00\",\"description\":\"SSC Music (Soldier Sergeant Chief Music) is a music production and publishing house based in Morocco. It was founded in 2020 by Kania\",\"breadcrumb\":{\"@id\":\"https:\\\/\\\/sscmusic.com\\\/aboutus\\\/#breadcrumb\"},\"inLanguage\":\"es\",\"potentialAction\":[{\"@type\":\"ReadAction\",\"target\":[\"https:\\\/\\\/sscmusic.com\\\/aboutus\\\/\"]}]},{\"@type\":\"BreadcrumbList\",\"@id\":\"https:\\\/\\\/sscmusic.com\\\/aboutus\\\/#breadcrumb\",\"itemListElement\":[{\"@type\":\"ListItem\",\"position\":1,\"name\":\"Home\",\"item\":\"https:\\\/\\\/sscmusic.com\\\/\"},{\"@type\":\"ListItem\",\"position\":2,\"name\":\"About US\"}]},{\"@type\":\"WebSite\",\"@id\":\"https:\\\/\\\/sscmusic.com\\\/#website\",\"url\":\"https:\\\/\\\/sscmusic.com\\\/\",\"name\":\"SSC Music\",\"description\":\"Soldier Sergeant Chief\",\"publisher\":{\"@id\":\"https:\\\/\\\/sscmusic.com\\\/#organization\"},\"alternateName\":\"SSC Music\",\"potentialAction\":[{\"@type\":\"SearchAction\",\"target\":{\"@type\":\"EntryPoint\",\"urlTemplate\":\"https:\\\/\\\/sscmusic.com\\\/?s={search_term_string}\"},\"query-input\":{\"@type\":\"PropertyValueSpecification\",\"valueRequired\":true,\"valueName\":\"search_term_string\"}}],\"inLanguage\":\"es\"},{\"@type\":\"Organization\",\"@id\":\"https:\\\/\\\/sscmusic.com\\\/#organization\",\"name\":\"SSC Music\",\"alternateName\":\"SSC Music\",\"url\":\"https:\\\/\\\/sscmusic.com\\\/\",\"logo\":{\"@type\":\"ImageObject\",\"inLanguage\":\"es\",\"@id\":\"https:\\\/\\\/sscmusic.com\\\/#\\\/schema\\\/logo\\\/image\\\/\",\"url\":\"https:\\\/\\\/sscmusic.com\\\/wp-content\\\/uploads\\\/2024\\\/02\\\/logo-page-one.jpg\",\"contentUrl\":\"https:\\\/\\\/sscmusic.com\\\/wp-content\\\/uploads\\\/2024\\\/02\\\/logo-page-one.jpg\",\"width\":2000,\"height\":1600,\"caption\":\"SSC Music\"},\"image\":{\"@id\":\"https:\\\/\\\/sscmusic.com\\\/#\\\/schema\\\/logo\\\/image\\\/\"},\"sameAs\":[\"https:\\\/\\\/facebook.com\\\/SSCMusicproduction\",\"https:\\\/\\\/www.instagram.com\\\/ssc_music\\\/\"],\"publishingPrinciples\":\"https:\\\/\\\/sscmusic.com\\\/\",\"ownershipFundingInfo\":\"https:\\\/\\\/sscmusic.com\\\/\"}]}<\/script>\n<!-- \/ Yoast SEO Premium plugin. -->","yoast_head_json":{"title":"About US - SSC Music","description":"SSC Music (Soldier Sergeant Chief Music) is a music production and publishing house based in Morocco. It was founded in 2020 by Kania","robots":{"index":"index","follow":"follow","max-snippet":"max-snippet:-1","max-image-preview":"max-image-preview:large","max-video-preview":"max-video-preview:-1"},"canonical":"https:\/\/sscmusic.com\/es\/aboutus\/","og_locale":"es_ES","og_type":"article","og_title":"About US","og_description":"SSC Music (Soldier Sergeant Chief Music) is a music production and publishing house based in Morocco. It was founded in 2020 by Kania","og_url":"https:\/\/sscmusic.com\/es\/aboutus\/","og_site_name":"SSC Music","article_publisher":"https:\/\/facebook.com\/SSCMusicproduction","article_modified_time":"2024-04-16T12:27:06+00:00","og_image":[{"width":2000,"height":1600,"url":"https:\/\/sscmusic.com\/wp-content\/uploads\/2024\/02\/logo-page-one.jpg","type":"image\/jpeg"}],"twitter_card":"summary_large_image","twitter_misc":{"Tiempo de lectura":"3 minutos"},"schema":{"@context":"https:\/\/schema.org","@graph":[{"@type":"WebPage","@id":"https:\/\/sscmusic.com\/aboutus\/","url":"https:\/\/sscmusic.com\/aboutus\/","name":"About US - SSC Music","isPartOf":{"@id":"https:\/\/sscmusic.com\/#website"},"datePublished":"2024-01-11T19:54:06+00:00","dateModified":"2024-04-16T12:27:06+00:00","description":"SSC Music (Soldier Sergeant Chief Music) is a music production and publishing house based in Morocco. It was founded in 2020 by Kania","breadcrumb":{"@id":"https:\/\/sscmusic.com\/aboutus\/#breadcrumb"},"inLanguage":"es","potentialAction":[{"@type":"ReadAction","target":["https:\/\/sscmusic.com\/aboutus\/"]}]},{"@type":"BreadcrumbList","@id":"https:\/\/sscmusic.com\/aboutus\/#breadcrumb","itemListElement":[{"@type":"ListItem","position":1,"name":"Home","item":"https:\/\/sscmusic.com\/"},{"@type":"ListItem","position":2,"name":"About US"}]},{"@type":"WebSite","@id":"https:\/\/sscmusic.com\/#website","url":"https:\/\/sscmusic.com\/","name":"M\u00fasica SSC","description":"Sargento Jefe Soldado","publisher":{"@id":"https:\/\/sscmusic.com\/#organization"},"alternateName":"SSC Music","potentialAction":[{"@type":"SearchAction","target":{"@type":"EntryPoint","urlTemplate":"https:\/\/sscmusic.com\/?s={search_term_string}"},"query-input":{"@type":"PropertyValueSpecification","valueRequired":true,"valueName":"search_term_string"}}],"inLanguage":"es"},{"@type":"Organization","@id":"https:\/\/sscmusic.com\/#organization","name":"M\u00fasica SSC","alternateName":"SSC Music","url":"https:\/\/sscmusic.com\/","logo":{"@type":"ImageObject","inLanguage":"es","@id":"https:\/\/sscmusic.com\/#\/schema\/logo\/image\/","url":"https:\/\/sscmusic.com\/wp-content\/uploads\/2024\/02\/logo-page-one.jpg","contentUrl":"https:\/\/sscmusic.com\/wp-content\/uploads\/2024\/02\/logo-page-one.jpg","width":2000,"height":1600,"caption":"SSC Music"},"image":{"@id":"https:\/\/sscmusic.com\/#\/schema\/logo\/image\/"},"sameAs":["https:\/\/facebook.com\/SSCMusicproduction","https:\/\/www.instagram.com\/ssc_music\/"],"publishingPrinciples":"https:\/\/sscmusic.com\/","ownershipFundingInfo":"https:\/\/sscmusic.com\/"}]}},"ticketed":false,"_links":{"self":[{"href":"https:\/\/sscmusic.com\/es\/wp-json\/wp\/v2\/pages\/2868","targetHints":{"allow":["GET"]}}],"collection":[{"href":"https:\/\/sscmusic.com\/es\/wp-json\/wp\/v2\/pages"}],"about":[{"href":"https:\/\/sscmusic.com\/es\/wp-json\/wp\/v2\/types\/page"}],"author":[{"embeddable":true,"href":"https:\/\/sscmusic.com\/es\/wp-json\/wp\/v2\/users\/1"}],"replies":[{"embeddable":true,"href":"https:\/\/sscmusic.com\/es\/wp-json\/wp\/v2\/comments?post=2868"}],"version-history":[{"count":46,"href":"https:\/\/sscmusic.com\/es\/wp-json\/wp\/v2\/pages\/2868\/revisions"}],"predecessor-version":[{"id":3774,"href":"https:\/\/sscmusic.com\/es\/wp-json\/wp\/v2\/pages\/2868\/revisions\/3774"}],"wp:attachment":[{"href":"https:\/\/sscmusic.com\/es\/wp-json\/wp\/v2\/media?parent=2868"}],"curies":[{"name":"wp","href":"https:\/\/api.w.org\/{rel}","templated":true}]}}