{"id":3555,"date":"2024-01-29T16:15:16","date_gmt":"2024-01-29T16:15:16","guid":{"rendered":"https:\/\/sscmusic.com\/?page_id=3555"},"modified":"2024-01-29T16:21:51","modified_gmt":"2024-01-29T16:21:51","slug":"terms-and-conditions","status":"publish","type":"page","link":"https:\/\/sscmusic.com\/es\/terms-and-conditions\/","title":{"rendered":"T\u00e9rminos y condiciones"},"content":{"rendered":"<div class=\"wpb-content-wrapper\"><div class=\"vc_row wpb_row vc_row-fluid\"><div class=\"wpb_column vc_column_container vc_col-sm-12\"><div class=\"vc_column-inner\"><div class=\"wpb_wrapper\">\n\t<div class=\"wpb_text_column wpb_content_element\" >\n\t\t<div class=\"wpb_wrapper\">\n\t\t\t<h1>T\u00e9rminos y condiciones<\/h1>\n<p>\u00daltima actualizaci\u00f3n: 29 de enero de 2024<\/p>\n<p>Lea atentamente estos t\u00e9rminos y condiciones antes de utilizar nuestro servicio.<\/p>\n<h2>Interpretaci\u00f3n y definiciones<\/h2>\n<h3>Interpretaci\u00f3n<\/h3>\n<p>Las palabras cuya letra inicial est\u00e1 en may\u00fascula tienen significados definidos bajo las siguientes condiciones. Las siguientes definiciones tendr\u00e1n el mismo significado independientemente de que aparezcan en singular o en plural.<\/p>\n<h3>Definiciones<\/h3>\n<p>Para los efectos de estos T\u00e9rminos y condiciones:<\/p>\n<ul>\n<li><strong>Afiliado<\/strong> significa una entidad que controla, est\u00e1 controlada por o est\u00e1 bajo control com\u00fan con una parte, donde &quot;control&quot; significa propiedad de 50% o m\u00e1s de las acciones, participaciones accionarias u otros valores con derecho a votar para la elecci\u00f3n de directores u otra autoridad administrativa.<\/li>\n<li><strong>Pa\u00eds<\/strong> se refiere a: Marruecos<\/li>\n<li><strong>Compa\u00f1\u00eda<\/strong> (denominada \u201cla Compa\u00f1\u00eda\u201d, \u201cNosotros\u201d, \u201cNos\u201d o \u201cNuestro\u201d en este Acuerdo) se refiere a SSC Music, 2rue ach erradi med lot elalif.<\/li>\n<li><strong>Dispositivo<\/strong> significa cualquier dispositivo que pueda acceder al Servicio, como una computadora, un tel\u00e9fono celular o una tableta digital.<\/li>\n<li><strong>Servicio<\/strong> se refiere al sitio web.<\/li>\n<li><strong>Servicio de redes sociales de terceros<\/strong> significa cualquier servicio o contenido (incluidos datos, informaci\u00f3n, productos o servicios) proporcionado por un tercero que puede mostrarse, incluirse o ponerse a disposici\u00f3n mediante el Servicio.<\/li>\n<li><strong>Sitio web<\/strong> se refiere a SSC Music, accesible desde <a href=\"https:\/\/sscmusic.com\/es\/\" target=\"_blank\" rel=\"external nofollow noopener\">https:\/\/sscmusic.com\/<\/a><\/li>\n<li><strong>T\u00fa<\/strong> significa la persona que accede o utiliza el Servicio, o la empresa u otra entidad legal en nombre de la cual dicha persona accede o utiliza el Servicio, seg\u00fan corresponda.<\/li>\n<\/ul>\n<h2>Reconocimiento<\/h2>\n<p>Estos son los T\u00e9rminos y condiciones que rigen el uso de este Servicio y el acuerdo que opera entre Usted y la Compa\u00f1\u00eda. Estos T\u00e9rminos y Condiciones establecen los derechos y obligaciones de todos los usuarios con respecto al uso del Servicio.<\/p>\n<p>Su acceso y uso del Servicio est\u00e1 condicionado a su aceptaci\u00f3n y cumplimiento de estos T\u00e9rminos y condiciones. Estos T\u00e9rminos y condiciones se aplican a todos los visitantes, usuarios y otras personas que acceden o utilizan el Servicio.<\/p>\n<p>Al acceder o utilizar el Servicio, usted acepta estar sujeto a estos T\u00e9rminos y condiciones. Si no est\u00e1 de acuerdo con alguna parte de estos T\u00e9rminos y condiciones, no podr\u00e1 acceder al Servicio.<\/p>\n<p>Usted declara que es mayor de 18 a\u00f1os. La Compa\u00f1\u00eda no permite que menores de 18 a\u00f1os utilicen el Servicio.<\/p>\n<p>Su acceso y uso del Servicio tambi\u00e9n est\u00e1 condicionado a su aceptaci\u00f3n y cumplimiento de la Pol\u00edtica de Privacidad de la Compa\u00f1\u00eda. Nuestra Pol\u00edtica de privacidad describe Nuestras pol\u00edticas y procedimientos sobre la recopilaci\u00f3n, el uso y la divulgaci\u00f3n de Su informaci\u00f3n personal cuando utiliza la Aplicaci\u00f3n o el Sitio web y le informa sobre Sus derechos de privacidad y c\u00f3mo la ley lo protege. Lea atentamente nuestra Pol\u00edtica de privacidad antes de utilizar nuestro servicio.<\/p>\n<h2>Enlaces a otros sitios web<\/h2>\n<p>Nuestro Servicio puede contener enlaces a sitios web o servicios de terceros que no son propiedad de la Compa\u00f1\u00eda ni est\u00e1n controlados por ella.<\/p>\n<p>La Compa\u00f1\u00eda no tiene control ni asume ninguna responsabilidad por el contenido, las pol\u00edticas de privacidad o las pr\u00e1cticas de los sitios web o servicios de terceros. Adem\u00e1s, reconoce y acepta que la Compa\u00f1\u00eda no ser\u00e1 responsable, directa o indirectamente, de ning\u00fan da\u00f1o o p\u00e9rdida causada o presuntamente causada por o en conexi\u00f3n con el uso o la confianza en dicho contenido, bienes o servicios disponibles en o a trav\u00e9s de dichos sitios web o servicios.<\/p>\n<p>Le recomendamos encarecidamente que lea los t\u00e9rminos y condiciones y las pol\u00edticas de privacidad de los sitios web o servicios de terceros que visite.<\/p>\n<h2>Terminaci\u00f3n<\/h2>\n<p>Podemos cancelar o suspender Su acceso inmediatamente, sin previo aviso ni responsabilidad, por cualquier motivo, incluido, entre otros, si incumple estos T\u00e9rminos y condiciones.<\/p>\n<p>Tras la rescisi\u00f3n, su derecho a utilizar el Servicio cesar\u00e1 inmediatamente.<\/p>\n<h2>Limitaci\u00f3n de responsabilidad<\/h2>\n<p>Independientemente de los da\u00f1os en los que pueda incurrir, la responsabilidad total de la Compa\u00f1\u00eda y cualquiera de sus proveedores seg\u00fan cualquier disposici\u00f3n de estos T\u00e9rminos y su recurso exclusivo por todo lo anterior se limitar\u00e1 al monto realmente pagado por usted a trav\u00e9s del Servicio o 100 USD. si no ha comprado nada a trav\u00e9s del Servicio.<\/p>\n<p>En la m\u00e1xima medida permitida por la ley aplicable, en ning\u00fan caso la Compa\u00f1\u00eda o sus proveedores ser\u00e1n responsables de ning\u00fan da\u00f1o especial, incidental, indirecto o consecuente de ning\u00fan tipo (incluidos, entre otros, da\u00f1os por p\u00e9rdida de ganancias, p\u00e9rdida de datos o otra informaci\u00f3n, por interrupci\u00f3n del negocio, por lesiones personales, p\u00e9rdida de privacidad que surja de o est\u00e9 relacionada de alguna manera con el uso o la imposibilidad de usar el Servicio, el software de terceros y\/o el hardware de terceros utilizado con el Servicio, o de otro modo en relaci\u00f3n con cualquier disposici\u00f3n de estos T\u00e9rminos), incluso si la Compa\u00f1\u00eda o cualquier proveedor han sido advertidos de la posibilidad de tales da\u00f1os e incluso si el remedio no cumple con su prop\u00f3sito esencial.<\/p>\n<p>Algunos estados no permiten la exclusi\u00f3n de garant\u00edas impl\u00edcitas o la limitaci\u00f3n de responsabilidad por da\u00f1os incidentales o consecuentes, lo que significa que algunas de las limitaciones anteriores pueden no aplicarse. En estos estados, la responsabilidad de cada parte se limitar\u00e1 en la mayor medida permitida por la ley.<\/p>\n<h2>Descargo de responsabilidad \u201cTAL CUAL\u201d y \u201cSEG\u00daN DISPONIBILIDAD\u201d<\/h2>\n<p>El Servicio se le proporciona &quot;TAL CUAL&quot; y &quot;SEG\u00daN DISPONIBILIDAD&quot; y con todas las fallas y defectos sin garant\u00eda de ning\u00fan tipo. En la medida m\u00e1xima permitida por la ley aplicable, la Compa\u00f1\u00eda, en su propio nombre y en nombre de sus Afiliados y sus respectivos licenciantes y proveedores de servicios, renuncia expresamente a todas las garant\u00edas, ya sean expresas, impl\u00edcitas, legales o de otro tipo, con respecto a la Servicio, incluidas todas las garant\u00edas impl\u00edcitas de comerciabilidad, idoneidad para un prop\u00f3sito particular, t\u00edtulo y no infracci\u00f3n, y garant\u00edas que puedan surgir del curso del trato, curso del desempe\u00f1o, uso o pr\u00e1ctica comercial. Sin limitaci\u00f3n a lo anterior, la Compa\u00f1\u00eda no ofrece garant\u00eda ni compromiso, y no hace ninguna declaraci\u00f3n de ning\u00fan tipo de que el Servicio cumplir\u00e1 con Sus requisitos, lograr\u00e1 los resultados previstos, ser\u00e1 compatible o funcionar\u00e1 con cualquier otro software, aplicaci\u00f3n, sistema o servicio, operar\u00e1 sin interrupci\u00f3n, cumplir con cualquier est\u00e1ndar de rendimiento o confiabilidad o estar libre de errores o que cualquier error o defecto pueda o ser\u00e1 corregido.<\/p>\n<p>Sin limitar lo anterior, ni la Compa\u00f1\u00eda ni ninguno de los proveedores de la compa\u00f1\u00eda hacen ninguna representaci\u00f3n o garant\u00eda de ning\u00fan tipo, expresa o impl\u00edcita: (i) en cuanto al funcionamiento o disponibilidad del Servicio, o la informaci\u00f3n, el contenido y los materiales o productos. incluido en el mismo; (ii) que el Servicio ser\u00e1 ininterrumpido o estar\u00e1 libre de errores; (iii) en cuanto a la exactitud, confiabilidad o actualidad de cualquier informaci\u00f3n o contenido proporcionado a trav\u00e9s del Servicio; o (iv) que el Servicio, sus servidores, el contenido o los correos electr\u00f3nicos enviados desde o en nombre de la Compa\u00f1\u00eda est\u00e1n libres de virus, scripts, troyanos, gusanos, malware, bombas de tiempo u otros componentes da\u00f1inos.<\/p>\n<p>Algunas jurisdicciones no permiten la exclusi\u00f3n de ciertos tipos de garant\u00edas o limitaciones de los derechos legales aplicables de un consumidor, por lo que es posible que algunas o todas las exclusiones y limitaciones anteriores no se apliquen a usted. Pero en tal caso, las exclusiones y limitaciones establecidas en esta secci\u00f3n se aplicar\u00e1n en la mayor medida exigible seg\u00fan la ley aplicable.<\/p>\n<h2>Ley que rige<\/h2>\n<p>Las leyes del Pa\u00eds, excluyendo sus conflictos de normas legales, regir\u00e1n estos T\u00e9rminos y Su uso del Servicio. Su uso de la Aplicaci\u00f3n tambi\u00e9n puede estar sujeto a otras leyes locales, estatales, nacionales o internacionales.<\/p>\n<h2>Resoluci\u00f3n de disputas<\/h2>\n<p>Si tiene alguna inquietud o disputa sobre el Servicio, acepta intentar primero resolver la disputa de manera informal comunic\u00e1ndose con la Compa\u00f1\u00eda.<\/p>\n<h2>Para usuarios de la Uni\u00f3n Europea (UE)<\/h2>\n<p>Si es un consumidor de la Uni\u00f3n Europea, se beneficiar\u00e1 de las disposiciones obligatorias de la ley del pa\u00eds en el que reside.<\/p>\n<h2>Cumplimiento legal de Estados Unidos<\/h2>\n<p>Usted declara y garantiza que (i) no se encuentra en un pa\u00eds que est\u00e9 sujeto al embargo del gobierno de los Estados Unidos, o que haya sido designado por el gobierno de los Estados Unidos como un pa\u00eds que &quot;apoya al terrorismo&quot;, y (ii) no est\u00e1 incluido en cualquier lista del gobierno de los Estados Unidos de partes prohibidas o restringidas.<\/p>\n<h2>Divisibilidad y renuncia<\/h2>\n<h3>Divisibilidad<\/h3>\n<p>Si alguna disposici\u00f3n de estos T\u00e9rminos se considera inaplicable o inv\u00e1lida, dicha disposici\u00f3n se modificar\u00e1 e interpretar\u00e1 para lograr los objetivos de dicha disposici\u00f3n en la mayor medida posible seg\u00fan la ley aplicable y las disposiciones restantes continuar\u00e1n en pleno vigor y efecto.<\/p>\n<h3>Exenci\u00f3n<\/h3>\n<p>Salvo lo dispuesto en el presente, el hecho de no ejercer un derecho o exigir el cumplimiento de una obligaci\u00f3n en virtud de estos T\u00e9rminos no afectar\u00e1 la capacidad de una parte para ejercer dicho derecho o exigir dicho cumplimiento en cualquier momento posterior ni la renuncia a un incumplimiento constituir\u00e1 una renuncia a cualquier incumplimiento posterior.<\/p>\n<h2>Traducci\u00f3n Interpretaci\u00f3n<\/h2>\n<p>Es posible que estos T\u00e9rminos y condiciones se hayan traducido si los hemos puesto a su disposici\u00f3n en nuestro Servicio.<br \/>\nUsted acepta que el texto original en ingl\u00e9s prevalecer\u00e1 en caso de disputa.<\/p>\n<h2>Cambios a estos t\u00e9rminos y condiciones<\/h2>\n<p>Nos reservamos el derecho, a nuestra entera discreci\u00f3n, de modificar o reemplazar estos T\u00e9rminos en cualquier momento. Si una revisi\u00f3n es importante, haremos esfuerzos razonables para avisar con al menos 30 d\u00edas de antelaci\u00f3n antes de que los nuevos t\u00e9rminos entren en vigor. Lo que constituye un cambio material se determinar\u00e1 a Nuestro exclusivo criterio.<\/p>\n<p>Al continuar accediendo o utilizando Nuestro Servicio despu\u00e9s de que esas revisiones entren en vigencia, usted acepta estar sujeto a los t\u00e9rminos revisados. Si no acepta los nuevos t\u00e9rminos, total o parcialmente, deje de utilizar el sitio web y el Servicio.<\/p>\n<h2>Cont\u00e1ctenos<\/h2>\n<p>Si tiene alguna pregunta sobre estos T\u00e9rminos y condiciones, puede contactarnos:<\/p>\n<ul>\n<li>Por correo electr\u00f3nico: <a href=\"mailto:sscmusic.info@gmail.com\">sscmusic.info@gmail.com<\/a><\/li>\n<li>Visitando esta p\u00e1gina en nuestro sitio web: <a href=\"https:\/\/sscmusic.com\/es\/contact\/\" target=\"_blank\" rel=\"external nofollow noopener\">https:\/\/sscmusic.com\/contact\/<\/a><\/li>\n<\/ul>\n\n\t\t<\/div>\n\t<\/div>\n<\/div><\/div><\/div><\/div>\n<\/div>","protected":false},"excerpt":{"rendered":"Terms and Conditions Last updated: January 29, 2024 Please read these terms and conditions carefully before using Our Service. Interpretation and Definitions Interpretation The words of which the initial letter is capitalized have meanings defined under the following conditions. The following definitions shall have the same meaning regardless of whether they appear in singular or in plural. Definitions For the purposes of these Terms and Conditions: Affiliate means an entity that controls, is controlled by or is under common control [...]","protected":false},"author":1,"featured_media":0,"parent":0,"menu_order":0,"comment_status":"closed","ping_status":"closed","template":"","meta":{"_price":"","_stock":"","_tribe_ticket_header":"","_tribe_default_ticket_provider":"","_tribe_ticket_capacity":"0","_ticket_start_date":"","_ticket_end_date":"","_tribe_ticket_show_description":"","_tribe_ticket_show_not_going":false,"_tribe_ticket_use_global_stock":"","_tribe_ticket_global_stock_level":"","_global_stock_mode":"","_global_stock_cap":"","_tribe_rsvp_for_event":"","_tribe_ticket_going_count":"","_tribe_ticket_not_going_count":"","_tribe_tickets_list":"[]","_tribe_ticket_has_attendee_info_fields":false,"footnotes":"","_tec_slr_enabled":"","_tec_slr_layout":""},"class_list":["post-3555","page","type-page","status-publish","hentry"],"yoast_head":"<!-- This site is optimized with the Yoast SEO Premium plugin v22.6 (Yoast SEO v27.5) - https:\/\/yoast.com\/product\/yoast-seo-premium-wordpress\/ -->\n<title>Terms and Conditions - SSC Music<\/title>\n<meta name=\"robots\" content=\"index, follow, max-snippet:-1, max-image-preview:large, max-video-preview:-1\" \/>\n<link rel=\"canonical\" href=\"https:\/\/sscmusic.com\/es\/terms-and-conditions\/\" \/>\n<meta property=\"og:locale\" content=\"es_ES\" \/>\n<meta property=\"og:type\" content=\"article\" \/>\n<meta property=\"og:title\" content=\"Terms and Conditions\" \/>\n<meta property=\"og:url\" content=\"https:\/\/sscmusic.com\/es\/terms-and-conditions\/\" \/>\n<meta property=\"og:site_name\" content=\"SSC Music\" \/>\n<meta property=\"article:publisher\" content=\"https:\/\/facebook.com\/SSCMusicproduction\" \/>\n<meta property=\"article:modified_time\" content=\"2024-01-29T16:21:51+00:00\" \/>\n<meta property=\"og:image\" content=\"https:\/\/sscmusic.com\/wp-content\/uploads\/2024\/02\/logo-page-one.jpg\" \/>\n\t<meta property=\"og:image:width\" content=\"2000\" \/>\n\t<meta property=\"og:image:height\" content=\"1600\" \/>\n\t<meta property=\"og:image:type\" content=\"image\/jpeg\" \/>\n<meta name=\"twitter:card\" content=\"summary_large_image\" \/>\n<meta name=\"twitter:label1\" content=\"Tiempo de lectura\" \/>\n\t<meta name=\"twitter:data1\" content=\"7 minutos\" \/>\n<script type=\"application\/ld+json\" class=\"yoast-schema-graph\">{\"@context\":\"https:\\\/\\\/schema.org\",\"@graph\":[{\"@type\":\"WebPage\",\"@id\":\"https:\\\/\\\/sscmusic.com\\\/terms-and-conditions\\\/\",\"url\":\"https:\\\/\\\/sscmusic.com\\\/terms-and-conditions\\\/\",\"name\":\"Terms and Conditions - SSC Music\",\"isPartOf\":{\"@id\":\"https:\\\/\\\/sscmusic.com\\\/#website\"},\"datePublished\":\"2024-01-29T16:15:16+00:00\",\"dateModified\":\"2024-01-29T16:21:51+00:00\",\"breadcrumb\":{\"@id\":\"https:\\\/\\\/sscmusic.com\\\/terms-and-conditions\\\/#breadcrumb\"},\"inLanguage\":\"es\",\"potentialAction\":[{\"@type\":\"ReadAction\",\"target\":[\"https:\\\/\\\/sscmusic.com\\\/terms-and-conditions\\\/\"]}]},{\"@type\":\"BreadcrumbList\",\"@id\":\"https:\\\/\\\/sscmusic.com\\\/terms-and-conditions\\\/#breadcrumb\",\"itemListElement\":[{\"@type\":\"ListItem\",\"position\":1,\"name\":\"Home\",\"item\":\"https:\\\/\\\/sscmusic.com\\\/\"},{\"@type\":\"ListItem\",\"position\":2,\"name\":\"Terms and Conditions\"}]},{\"@type\":\"WebSite\",\"@id\":\"https:\\\/\\\/sscmusic.com\\\/#website\",\"url\":\"https:\\\/\\\/sscmusic.com\\\/\",\"name\":\"SSC Music\",\"description\":\"Soldier Sergeant Chief\",\"publisher\":{\"@id\":\"https:\\\/\\\/sscmusic.com\\\/#organization\"},\"alternateName\":\"SSC Music\",\"potentialAction\":[{\"@type\":\"SearchAction\",\"target\":{\"@type\":\"EntryPoint\",\"urlTemplate\":\"https:\\\/\\\/sscmusic.com\\\/?s={search_term_string}\"},\"query-input\":{\"@type\":\"PropertyValueSpecification\",\"valueRequired\":true,\"valueName\":\"search_term_string\"}}],\"inLanguage\":\"es\"},{\"@type\":\"Organization\",\"@id\":\"https:\\\/\\\/sscmusic.com\\\/#organization\",\"name\":\"SSC Music\",\"alternateName\":\"SSC Music\",\"url\":\"https:\\\/\\\/sscmusic.com\\\/\",\"logo\":{\"@type\":\"ImageObject\",\"inLanguage\":\"es\",\"@id\":\"https:\\\/\\\/sscmusic.com\\\/#\\\/schema\\\/logo\\\/image\\\/\",\"url\":\"https:\\\/\\\/sscmusic.com\\\/wp-content\\\/uploads\\\/2024\\\/02\\\/logo-page-one.jpg\",\"contentUrl\":\"https:\\\/\\\/sscmusic.com\\\/wp-content\\\/uploads\\\/2024\\\/02\\\/logo-page-one.jpg\",\"width\":2000,\"height\":1600,\"caption\":\"SSC Music\"},\"image\":{\"@id\":\"https:\\\/\\\/sscmusic.com\\\/#\\\/schema\\\/logo\\\/image\\\/\"},\"sameAs\":[\"https:\\\/\\\/facebook.com\\\/SSCMusicproduction\",\"https:\\\/\\\/www.instagram.com\\\/ssc_music\\\/\"],\"publishingPrinciples\":\"https:\\\/\\\/sscmusic.com\\\/\",\"ownershipFundingInfo\":\"https:\\\/\\\/sscmusic.com\\\/\"}]}<\/script>\n<!-- \/ Yoast SEO Premium plugin. -->","yoast_head_json":{"title":"Terms and Conditions - SSC Music","robots":{"index":"index","follow":"follow","max-snippet":"max-snippet:-1","max-image-preview":"max-image-preview:large","max-video-preview":"max-video-preview:-1"},"canonical":"https:\/\/sscmusic.com\/es\/terms-and-conditions\/","og_locale":"es_ES","og_type":"article","og_title":"Terms and Conditions","og_url":"https:\/\/sscmusic.com\/es\/terms-and-conditions\/","og_site_name":"SSC Music","article_publisher":"https:\/\/facebook.com\/SSCMusicproduction","article_modified_time":"2024-01-29T16:21:51+00:00","og_image":[{"width":2000,"height":1600,"url":"https:\/\/sscmusic.com\/wp-content\/uploads\/2024\/02\/logo-page-one.jpg","type":"image\/jpeg"}],"twitter_card":"summary_large_image","twitter_misc":{"Tiempo de lectura":"7 minutos"},"schema":{"@context":"https:\/\/schema.org","@graph":[{"@type":"WebPage","@id":"https:\/\/sscmusic.com\/terms-and-conditions\/","url":"https:\/\/sscmusic.com\/terms-and-conditions\/","name":"Terms and Conditions - SSC Music","isPartOf":{"@id":"https:\/\/sscmusic.com\/#website"},"datePublished":"2024-01-29T16:15:16+00:00","dateModified":"2024-01-29T16:21:51+00:00","breadcrumb":{"@id":"https:\/\/sscmusic.com\/terms-and-conditions\/#breadcrumb"},"inLanguage":"es","potentialAction":[{"@type":"ReadAction","target":["https:\/\/sscmusic.com\/terms-and-conditions\/"]}]},{"@type":"BreadcrumbList","@id":"https:\/\/sscmusic.com\/terms-and-conditions\/#breadcrumb","itemListElement":[{"@type":"ListItem","position":1,"name":"Home","item":"https:\/\/sscmusic.com\/"},{"@type":"ListItem","position":2,"name":"Terms and Conditions"}]},{"@type":"WebSite","@id":"https:\/\/sscmusic.com\/#website","url":"https:\/\/sscmusic.com\/","name":"M\u00fasica SSC","description":"Sargento Jefe Soldado","publisher":{"@id":"https:\/\/sscmusic.com\/#organization"},"alternateName":"SSC Music","potentialAction":[{"@type":"SearchAction","target":{"@type":"EntryPoint","urlTemplate":"https:\/\/sscmusic.com\/?s={search_term_string}"},"query-input":{"@type":"PropertyValueSpecification","valueRequired":true,"valueName":"search_term_string"}}],"inLanguage":"es"},{"@type":"Organization","@id":"https:\/\/sscmusic.com\/#organization","name":"M\u00fasica SSC","alternateName":"SSC Music","url":"https:\/\/sscmusic.com\/","logo":{"@type":"ImageObject","inLanguage":"es","@id":"https:\/\/sscmusic.com\/#\/schema\/logo\/image\/","url":"https:\/\/sscmusic.com\/wp-content\/uploads\/2024\/02\/logo-page-one.jpg","contentUrl":"https:\/\/sscmusic.com\/wp-content\/uploads\/2024\/02\/logo-page-one.jpg","width":2000,"height":1600,"caption":"SSC Music"},"image":{"@id":"https:\/\/sscmusic.com\/#\/schema\/logo\/image\/"},"sameAs":["https:\/\/facebook.com\/SSCMusicproduction","https:\/\/www.instagram.com\/ssc_music\/"],"publishingPrinciples":"https:\/\/sscmusic.com\/","ownershipFundingInfo":"https:\/\/sscmusic.com\/"}]}},"ticketed":false,"_links":{"self":[{"href":"https:\/\/sscmusic.com\/es\/wp-json\/wp\/v2\/pages\/3555","targetHints":{"allow":["GET"]}}],"collection":[{"href":"https:\/\/sscmusic.com\/es\/wp-json\/wp\/v2\/pages"}],"about":[{"href":"https:\/\/sscmusic.com\/es\/wp-json\/wp\/v2\/types\/page"}],"author":[{"embeddable":true,"href":"https:\/\/sscmusic.com\/es\/wp-json\/wp\/v2\/users\/1"}],"replies":[{"embeddable":true,"href":"https:\/\/sscmusic.com\/es\/wp-json\/wp\/v2\/comments?post=3555"}],"version-history":[{"count":5,"href":"https:\/\/sscmusic.com\/es\/wp-json\/wp\/v2\/pages\/3555\/revisions"}],"predecessor-version":[{"id":3560,"href":"https:\/\/sscmusic.com\/es\/wp-json\/wp\/v2\/pages\/3555\/revisions\/3560"}],"wp:attachment":[{"href":"https:\/\/sscmusic.com\/es\/wp-json\/wp\/v2\/media?parent=3555"}],"curies":[{"name":"wp","href":"https:\/\/api.w.org\/{rel}","templated":true}]}}