{"id":2868,"date":"2024-01-11T19:54:06","date_gmt":"2024-01-11T19:54:06","guid":{"rendered":"https:\/\/sscmusic4.wpcomstaging.com\/?page_id=1591"},"modified":"2024-04-16T12:27:06","modified_gmt":"2024-04-16T12:27:06","slug":"aboutus","status":"publish","type":"page","link":"https:\/\/sscmusic.com\/fr\/aboutus\/","title":{"rendered":"\u00c0 propos de nous"},"content":{"rendered":"<div class=\"wpb-content-wrapper\"><div class=\"vc_row wpb_row vc_row-fluid vc_custom_1491998156906\"><div class=\"wpb_column vc_column_container vc_col-sm-12\"><div class=\"vc_column-inner\"><div class=\"wpb_wrapper\"><h4 style=\"font-size: 13px;color: #686868;line-height: 16px;text-align: center\" class=\"vc_custom_heading vc_custom_1491998279415\">\u00c0 PROPOS<\/h4><h2 style=\"text-align: center\" class=\"vc_custom_heading vc_custom_1699362846782\">SSC MUSIC<\/h2>\t<div class=\"dividerwrap\" style=\"padding-top:25px; padding-bottom:px;\">\r\n\t\t<div class=\"defaultdivider center\" style=\"background-color:#0a0a0a\"><\/div>\r\n\t\t<div class=\"clear\"><\/div>\r\n\t<\/div><h3 style=\"text-align: center;font-family:ABeeZee;font-weight:400;font-style:italic\" class=\"vc_custom_heading\">Une histoire de vie qui a chang\u00e9 la musique au Maroc.<\/p>\n<p>SSC Music (Soldat Sergent Chef) est une maison de production et d&#039;\u00e9dition musicale bas\u00e9e au Maroc. Elle a \u00e9t\u00e9 fond\u00e9e en 2020 par Kania, un artiste producteur renomm\u00e9 d&#039;origine marocaine. Kania a travaill\u00e9 avec de nombreux artistes nationaux de renom, contribuant \u00e0 de nombreux succ\u00e8s afro, hip-hop et pop.<br \/>\nLes activit\u00e9s de SSC Music comprennent la production musicale, l&#039;\u00e9dition musicale et le d\u00e9veloppement des artistes.<\/h3><\/div><\/div><\/div><\/div><div class=\"vc_row wpb_row vc_row-fluid vc_custom_1452106292953 vc_row-has-fill\"><div class=\"nopadding wpb_column vc_column_container vc_col-sm-12\"><div class=\"vc_column-inner\"><div class=\"wpb_wrapper\">\r\n\t<div class=\"wpb_single_image wpb_content_element vc_align_left\">\r\n\t\t\r\n\t\t<figure class=\"wpb_wrapper vc_figure\">\r\n\t\t\t<div class=\"vc_single_image-wrapper 0   vc_box_border_grey\"><img loading=\"lazy\" decoding=\"async\" width=\"911\" height=\"339\" src=\"https:\/\/sscmusic.com\/wp-content\/uploads\/2023\/12\/kania-ainak.jpg\" class=\"vc_single_image-img attachment-full\" alt=\"\" title=\"kania-ainak\" srcset=\"https:\/\/sscmusic.com\/wp-content\/uploads\/2023\/12\/kania-ainak.jpg 911w, https:\/\/sscmusic.com\/wp-content\/uploads\/2023\/12\/kania-ainak-559x208.jpg 559w, https:\/\/sscmusic.com\/wp-content\/uploads\/2023\/12\/kania-ainak-768x286.jpg 768w\" sizes=\"auto, (max-width: 911px) 100vw, 911px\" \/><\/div>\r\n\t\t<\/figure>\r\n\t<\/div>\r\n\n\t<div class=\"wpb_text_column wpb_content_element\" >\n\t\t<div class=\"wpb_wrapper\">\n\t\t\t<p style=\"text-align: center;\"><span style=\"font-family: helvetica;\">SUIVEZ-NOUS<\/span><\/p>\n\n\t\t<\/div>\n\t<\/div>\n<div class=\"vc_btn3-container vc_btn3-center\">\r\n\t<a class=\"vc_general vc_btn3 vc_btn3-size-md vc_btn3-shape-rounded vc_btn3-style-modern vc_btn3-color-grey\" href=\"https:\/\/www.instagram.com\/kania.ainak\/\" title=\"\">Instagram<\/a><\/div>\r\n<\/div><\/div><\/div><\/div><div class=\"vc_row wpb_row vc_row-fluid vc_custom_1491998717774\"><div class=\"wpb_column vc_column_container vc_col-sm-12\"><div class=\"vc_column-inner\"><div class=\"wpb_wrapper\"><div class=\"vc_row wpb_row vc_inner vc_row-fluid\"><div class=\"wpb_column vc_column_container vc_col-sm-12\"><div class=\"vc_column-inner\"><div class=\"wpb_wrapper\"><h4 style=\"font-size: 12px;color: #ffffff;line-height: 12px;text-align: left\" class=\"vc_custom_heading .costumespacing1 vc_custom_1704393731461\">CELA COMMENCE PAR -<\/h4><h3 style=\"font-size: 30px;color: #ffffff;line-height: 38px;text-align: left;font-family:ABeeZee;font-weight:400;font-style:normal\" class=\"vc_custom_heading .costumespacing1\">Une passion sans fin pour <i>musique<\/i>, pour<i> voix<\/i>,<br \/>\npour <i>D\u00e9couverte<\/i>, pour <i>personnes<\/i>, pour <i>vie<\/i>.<\/h3><\/div><\/div><\/div><\/div><div class=\"vc_empty_space\"   style=\"height: 10px\"><span class=\"vc_empty_space_inner\"><\/span><\/div><div class=\"vc_row wpb_row vc_inner vc_row-fluid vc_column-gap-30\"><div class=\"wpb_column vc_column_container vc_col-sm-6\"><div class=\"vc_column-inner\"><div class=\"wpb_wrapper\">\n\t<div class=\"wpb_text_column wpb_content_element vc_custom_1704393698743\" >\n\t\t<div class=\"wpb_wrapper\">\n\t\t\t<p>Rencontrez Kania, une personne aux multiples facettes qui porte plusieurs casquettes dans l\u2019industrie musicale. En tant que pr\u00e9sident et chef de la direction de SSC Music \u2013 un acronyme pour Soldat Sergent Chef \u2013 la visualisation et la perspective uniques de Kania l&#039;ont aid\u00e9 \u00e0 se hisser au sommet du secteur de la musique au Maroc.<br \/>\nN\u00e9 \u00e0 Casablanca et \u00e9lev\u00e9 \u00e0 Tanger pendant la majeure partie de ses ann\u00e9es de formation, il s&#039;est finalement rendu en Belgique avant de retourner dans son pays d&#039;origine avec le r\u00eave de cr\u00e9er un studio d&#039;enregistrement. Kania savait que le Maroc est un endroit difficile \u00e0 trouver pour les jeunes artistes, alors il a d\u00e9cid\u00e9 de changer cela ; Et ainsi, ce qui a commenc\u00e9 comme un studio d&#039;enregistrement s&#039;est rapidement transform\u00e9 en un label ind\u00e9pendant en seulement un an.<\/p>\n<p>Consciente de la difficult\u00e9 pour les artistes marocains d\u2019acqu\u00e9rir une visibilit\u00e9 internationale, Kania a trouv\u00e9 l\u2019opportunit\u00e9 de cr\u00e9er une voie qui les aiderait \u00e0 devenir des succ\u00e8s mondiaux. Il a rapidement commenc\u00e9 \u00e0 organiser et \u00e0 r\u00e9inventer leur image et leur approche, en recherchant les artistes les plus uniques dot\u00e9s de la plus haute \u00e9thique de travail et en diffusant du nouveau mat\u00e9riel au public marocain. Cela a finalement attir\u00e9 l&#039;attention d&#039;artistes comme Kouz1 et Mocci, qui se sont li\u00e9s \u00e0 Kania et sont devenus une force. Kania a dirig\u00e9 leurs visuels de mani\u00e8re cr\u00e9ative et les a pouss\u00e9s \u00e0 d\u00e9passer leurs versions pr\u00e9c\u00e9dentes, ce qui a permis \u00e0 leur pr\u00e9sence de s&#039;\u00e9tendre \u00e0 l&#039;\u00e9chelle mondiale.<\/p>\n\n\t\t<\/div>\n\t<\/div>\n<\/div><\/div><\/div><div class=\"wpb_column vc_column_container vc_col-sm-6\"><div class=\"vc_column-inner\"><div class=\"wpb_wrapper\">\n\t<div class=\"wpb_text_column wpb_content_element vc_custom_1704393713141\" >\n\t\t<div class=\"wpb_wrapper\">\n\t\t\t<p>En 2022, SSC Music \u00e9tait devenu le label num\u00e9ro un dans tout le Maroc et consolidait m\u00eame sa position en Afrique du Nord-Ouest, attirant l&#039;attention de labels renomm\u00e9s tels que Sony, Universal et Empire Records. Gr\u00e2ce \u00e0 la vision innovante de Kania et \u00e0 son \u00e9thique de travail infatigable, il est devenu une figure respect\u00e9e dans le secteur de la musique au Maroc, et son label continue de briser les barri\u00e8res et de d\u00e9couvrir de nouveaux talents.<\/p>\n\n\t\t<\/div>\n\t<\/div>\n<\/div><\/div><\/div><\/div><\/div><\/div><\/div><\/div><div data-vc-parallax=\"1.5\" data-vc-parallax-o-fade=\"on\" data-vc-parallax-image=\"\" class=\"vc_row wpb_row vc_row-fluid vc_custom_1705706748336 vc_row-has-fill vc_row-o-content-middle vc_row-flex vc_general vc_parallax vc_parallax-content-moving-fade js-vc_parallax-o-fade\"><div class=\"wpb_column vc_column_container vc_col-sm-12\"><div class=\"vc_column-inner\"><div class=\"wpb_wrapper\"><div class=\"vc_row wpb_row vc_inner vc_row-fluid\"><div class=\"wpb_column vc_column_container vc_col-sm-12\"><div class=\"vc_column-inner\"><div class=\"wpb_wrapper\"><h3 style=\"font-size: 30px;color: #25262d;line-height: 38px;text-align: center;font-family:ABeeZee;font-weight:400;font-style:normal\" class=\"vc_custom_heading vc_custom_1712348297330 fit_bg_text  fit_bg_center\">Sergent-chef soldat<br \/>\n<i><\/i><\/h3><div class=\"vc_btn3-container vc_btn3-center vc_custom_1706885060259\">\r\n\t<a class=\"vc_general vc_btn3 vc_btn3-size-lg vc_btn3-shape-square vc_btn3-style-outline vc_btn3-color-white\" href=\"https:\/\/sscmusic.com\/fr\/contact\/\" title=\"\">Contactez-nous<\/a><\/div>\r\n<\/div><\/div><\/div><\/div><\/div><\/div><\/div><\/div>\n<\/div>","protected":false},"excerpt":{"rendered":"ABOUTSSC MUSIC A life-story that changed the Music in morocco. SSC Music (Soldat Sergent Chef) is a music production and publishing house based in Morocco. It was founded in 2020 by Kania, a renowned artist producer of Moroccan origin. Kania has worked with many renowned national artists, contributing to numerous Afro, hip-hop and Pop hits. SSC Music\u2019s businesses include music production, music publishing and artist development. FOLLOW US Instagram IT START WITH -An endless passion for music, for voices, for [...]","protected":false},"author":1,"featured_media":0,"parent":0,"menu_order":0,"comment_status":"closed","ping_status":"closed","template":"","meta":{"_price":"","_stock":"","_tribe_ticket_header":"","_tribe_default_ticket_provider":"TEC\\Tickets\\Commerce\\Module","_tribe_ticket_capacity":"0","_ticket_start_date":"","_ticket_end_date":"","_tribe_ticket_show_description":"","_tribe_ticket_show_not_going":false,"_tribe_ticket_use_global_stock":"","_tribe_ticket_global_stock_level":"","_global_stock_mode":"","_global_stock_cap":"","_tribe_rsvp_for_event":"","_tribe_ticket_going_count":"","_tribe_ticket_not_going_count":"","_tribe_tickets_list":"[]","_tribe_ticket_has_attendee_info_fields":false,"footnotes":"","_tec_slr_enabled":"","_tec_slr_layout":""},"class_list":["post-2868","page","type-page","status-publish","hentry"],"yoast_head":"<!-- This site is optimized with the Yoast SEO Premium plugin v22.6 (Yoast SEO v27.5) - https:\/\/yoast.com\/product\/yoast-seo-premium-wordpress\/ -->\n<title>About US - SSC Music<\/title>\n<meta name=\"description\" content=\"SSC Music (Soldier Sergeant Chief Music) is a music production and publishing house based in Morocco. It was founded in 2020 by Kania\" \/>\n<meta name=\"robots\" content=\"index, follow, max-snippet:-1, max-image-preview:large, max-video-preview:-1\" \/>\n<link rel=\"canonical\" href=\"https:\/\/sscmusic.com\/fr\/aboutus\/\" \/>\n<meta property=\"og:locale\" content=\"fr_FR\" \/>\n<meta property=\"og:type\" content=\"article\" \/>\n<meta property=\"og:title\" content=\"About US\" \/>\n<meta property=\"og:description\" content=\"SSC Music (Soldier Sergeant Chief Music) is a music production and publishing house based in Morocco. It was founded in 2020 by Kania\" \/>\n<meta property=\"og:url\" content=\"https:\/\/sscmusic.com\/fr\/aboutus\/\" \/>\n<meta property=\"og:site_name\" content=\"SSC Music\" \/>\n<meta property=\"article:publisher\" content=\"https:\/\/facebook.com\/SSCMusicproduction\" \/>\n<meta property=\"article:modified_time\" content=\"2024-04-16T12:27:06+00:00\" \/>\n<meta property=\"og:image\" content=\"https:\/\/sscmusic.com\/wp-content\/uploads\/2024\/02\/logo-page-one.jpg\" \/>\n\t<meta property=\"og:image:width\" content=\"2000\" \/>\n\t<meta property=\"og:image:height\" content=\"1600\" \/>\n\t<meta property=\"og:image:type\" content=\"image\/jpeg\" \/>\n<meta name=\"twitter:card\" content=\"summary_large_image\" \/>\n<meta name=\"twitter:label1\" content=\"Dur\u00e9e de lecture estim\u00e9e\" \/>\n\t<meta name=\"twitter:data1\" content=\"3 minutes\" \/>\n<script type=\"application\/ld+json\" class=\"yoast-schema-graph\">{\"@context\":\"https:\\\/\\\/schema.org\",\"@graph\":[{\"@type\":\"WebPage\",\"@id\":\"https:\\\/\\\/sscmusic.com\\\/aboutus\\\/\",\"url\":\"https:\\\/\\\/sscmusic.com\\\/aboutus\\\/\",\"name\":\"About US - SSC Music\",\"isPartOf\":{\"@id\":\"https:\\\/\\\/sscmusic.com\\\/#website\"},\"datePublished\":\"2024-01-11T19:54:06+00:00\",\"dateModified\":\"2024-04-16T12:27:06+00:00\",\"description\":\"SSC Music (Soldier Sergeant Chief Music) is a music production and publishing house based in Morocco. It was founded in 2020 by Kania\",\"breadcrumb\":{\"@id\":\"https:\\\/\\\/sscmusic.com\\\/aboutus\\\/#breadcrumb\"},\"inLanguage\":\"fr-FR\",\"potentialAction\":[{\"@type\":\"ReadAction\",\"target\":[\"https:\\\/\\\/sscmusic.com\\\/aboutus\\\/\"]}]},{\"@type\":\"BreadcrumbList\",\"@id\":\"https:\\\/\\\/sscmusic.com\\\/aboutus\\\/#breadcrumb\",\"itemListElement\":[{\"@type\":\"ListItem\",\"position\":1,\"name\":\"Home\",\"item\":\"https:\\\/\\\/sscmusic.com\\\/\"},{\"@type\":\"ListItem\",\"position\":2,\"name\":\"About US\"}]},{\"@type\":\"WebSite\",\"@id\":\"https:\\\/\\\/sscmusic.com\\\/#website\",\"url\":\"https:\\\/\\\/sscmusic.com\\\/\",\"name\":\"SSC Music\",\"description\":\"Soldier Sergeant Chief\",\"publisher\":{\"@id\":\"https:\\\/\\\/sscmusic.com\\\/#organization\"},\"alternateName\":\"SSC Music\",\"potentialAction\":[{\"@type\":\"SearchAction\",\"target\":{\"@type\":\"EntryPoint\",\"urlTemplate\":\"https:\\\/\\\/sscmusic.com\\\/?s={search_term_string}\"},\"query-input\":{\"@type\":\"PropertyValueSpecification\",\"valueRequired\":true,\"valueName\":\"search_term_string\"}}],\"inLanguage\":\"fr-FR\"},{\"@type\":\"Organization\",\"@id\":\"https:\\\/\\\/sscmusic.com\\\/#organization\",\"name\":\"SSC Music\",\"alternateName\":\"SSC Music\",\"url\":\"https:\\\/\\\/sscmusic.com\\\/\",\"logo\":{\"@type\":\"ImageObject\",\"inLanguage\":\"fr-FR\",\"@id\":\"https:\\\/\\\/sscmusic.com\\\/#\\\/schema\\\/logo\\\/image\\\/\",\"url\":\"https:\\\/\\\/sscmusic.com\\\/wp-content\\\/uploads\\\/2024\\\/02\\\/logo-page-one.jpg\",\"contentUrl\":\"https:\\\/\\\/sscmusic.com\\\/wp-content\\\/uploads\\\/2024\\\/02\\\/logo-page-one.jpg\",\"width\":2000,\"height\":1600,\"caption\":\"SSC Music\"},\"image\":{\"@id\":\"https:\\\/\\\/sscmusic.com\\\/#\\\/schema\\\/logo\\\/image\\\/\"},\"sameAs\":[\"https:\\\/\\\/facebook.com\\\/SSCMusicproduction\",\"https:\\\/\\\/www.instagram.com\\\/ssc_music\\\/\"],\"publishingPrinciples\":\"https:\\\/\\\/sscmusic.com\\\/\",\"ownershipFundingInfo\":\"https:\\\/\\\/sscmusic.com\\\/\"}]}<\/script>\n<!-- \/ Yoast SEO Premium plugin. -->","yoast_head_json":{"title":"About US - SSC Music","description":"SSC Music (Soldier Sergeant Chief Music) is a music production and publishing house based in Morocco. It was founded in 2020 by Kania","robots":{"index":"index","follow":"follow","max-snippet":"max-snippet:-1","max-image-preview":"max-image-preview:large","max-video-preview":"max-video-preview:-1"},"canonical":"https:\/\/sscmusic.com\/fr\/aboutus\/","og_locale":"fr_FR","og_type":"article","og_title":"About US","og_description":"SSC Music (Soldier Sergeant Chief Music) is a music production and publishing house based in Morocco. It was founded in 2020 by Kania","og_url":"https:\/\/sscmusic.com\/fr\/aboutus\/","og_site_name":"SSC Music","article_publisher":"https:\/\/facebook.com\/SSCMusicproduction","article_modified_time":"2024-04-16T12:27:06+00:00","og_image":[{"width":2000,"height":1600,"url":"https:\/\/sscmusic.com\/wp-content\/uploads\/2024\/02\/logo-page-one.jpg","type":"image\/jpeg"}],"twitter_card":"summary_large_image","twitter_misc":{"Dur\u00e9e de lecture estim\u00e9e":"3 minutes"},"schema":{"@context":"https:\/\/schema.org","@graph":[{"@type":"WebPage","@id":"https:\/\/sscmusic.com\/aboutus\/","url":"https:\/\/sscmusic.com\/aboutus\/","name":"About US - SSC Music","isPartOf":{"@id":"https:\/\/sscmusic.com\/#website"},"datePublished":"2024-01-11T19:54:06+00:00","dateModified":"2024-04-16T12:27:06+00:00","description":"SSC Music (Soldier Sergeant Chief Music) is a music production and publishing house based in Morocco. It was founded in 2020 by Kania","breadcrumb":{"@id":"https:\/\/sscmusic.com\/aboutus\/#breadcrumb"},"inLanguage":"fr-FR","potentialAction":[{"@type":"ReadAction","target":["https:\/\/sscmusic.com\/aboutus\/"]}]},{"@type":"BreadcrumbList","@id":"https:\/\/sscmusic.com\/aboutus\/#breadcrumb","itemListElement":[{"@type":"ListItem","position":1,"name":"Home","item":"https:\/\/sscmusic.com\/"},{"@type":"ListItem","position":2,"name":"About US"}]},{"@type":"WebSite","@id":"https:\/\/sscmusic.com\/#website","url":"https:\/\/sscmusic.com\/","name":"Musique de PVC","description":"Sergent-chef soldat","publisher":{"@id":"https:\/\/sscmusic.com\/#organization"},"alternateName":"SSC Music","potentialAction":[{"@type":"SearchAction","target":{"@type":"EntryPoint","urlTemplate":"https:\/\/sscmusic.com\/?s={search_term_string}"},"query-input":{"@type":"PropertyValueSpecification","valueRequired":true,"valueName":"search_term_string"}}],"inLanguage":"fr-FR"},{"@type":"Organization","@id":"https:\/\/sscmusic.com\/#organization","name":"Musique de PVC","alternateName":"SSC Music","url":"https:\/\/sscmusic.com\/","logo":{"@type":"ImageObject","inLanguage":"fr-FR","@id":"https:\/\/sscmusic.com\/#\/schema\/logo\/image\/","url":"https:\/\/sscmusic.com\/wp-content\/uploads\/2024\/02\/logo-page-one.jpg","contentUrl":"https:\/\/sscmusic.com\/wp-content\/uploads\/2024\/02\/logo-page-one.jpg","width":2000,"height":1600,"caption":"SSC Music"},"image":{"@id":"https:\/\/sscmusic.com\/#\/schema\/logo\/image\/"},"sameAs":["https:\/\/facebook.com\/SSCMusicproduction","https:\/\/www.instagram.com\/ssc_music\/"],"publishingPrinciples":"https:\/\/sscmusic.com\/","ownershipFundingInfo":"https:\/\/sscmusic.com\/"}]}},"ticketed":false,"_links":{"self":[{"href":"https:\/\/sscmusic.com\/fr\/wp-json\/wp\/v2\/pages\/2868","targetHints":{"allow":["GET"]}}],"collection":[{"href":"https:\/\/sscmusic.com\/fr\/wp-json\/wp\/v2\/pages"}],"about":[{"href":"https:\/\/sscmusic.com\/fr\/wp-json\/wp\/v2\/types\/page"}],"author":[{"embeddable":true,"href":"https:\/\/sscmusic.com\/fr\/wp-json\/wp\/v2\/users\/1"}],"replies":[{"embeddable":true,"href":"https:\/\/sscmusic.com\/fr\/wp-json\/wp\/v2\/comments?post=2868"}],"version-history":[{"count":46,"href":"https:\/\/sscmusic.com\/fr\/wp-json\/wp\/v2\/pages\/2868\/revisions"}],"predecessor-version":[{"id":3774,"href":"https:\/\/sscmusic.com\/fr\/wp-json\/wp\/v2\/pages\/2868\/revisions\/3774"}],"wp:attachment":[{"href":"https:\/\/sscmusic.com\/fr\/wp-json\/wp\/v2\/media?parent=2868"}],"curies":[{"name":"wp","href":"https:\/\/api.w.org\/{rel}","templated":true}]}}