{"id":3019,"date":"2023-12-12T15:26:31","date_gmt":"2023-12-12T15:26:31","guid":{"rendered":"https:\/\/sscmusic4.wpcomstaging.com\/?page_id=3019"},"modified":"2024-10-07T21:02:14","modified_gmt":"2024-10-07T21:02:14","slug":"team","status":"publish","type":"page","link":"https:\/\/sscmusic.com\/fr\/team\/","title":{"rendered":"\u00c9quipe"},"content":{"rendered":"<div class=\"wpb-content-wrapper\"><div class=\"vc_row wpb_row vc_row-fluid\"><div class=\"wpb_column vc_column_container vc_col-sm-12\"><div class=\"vc_column-inner\"><div class=\"wpb_wrapper\">\n\t<div class=\"wpb_text_column wpb_content_element\" >\n\t\t<div class=\"wpb_wrapper\">\n\t\t\t<div class=\"row\">\n<div class=\"column\">\n<div class=\"card\">\n<p><img decoding=\"async\" style=\"width: 100%;\" src=\"https:\/\/sscmusic.com\/wp-content\/uploads\/2023\/12\/simo.jpg\" alt=\"Mohamed kania\" \/><\/p>\n<div class=\"container\">\n<h2>Mohamed Kania<\/h2>\n<p class=\"title\">PDG et fondateur<\/p>\n<p><a href=\"mailto:sscmusic.info@gmail.com\"><br \/>\n<button class=\"button\">Contact<\/button><br \/>\n<\/a><\/p>\n<\/div>\n<\/div>\n<\/div>\n<div class=\"column\">\n<div class=\"card\">\n<p><img decoding=\"async\" style=\"width: 100%;\" src=\"https:\/\/sscmusic.com\/wp-content\/uploads\/2023\/11\/0T9A1917d-1.jpg\" alt=\"Remy Cohen\" \/><\/p>\n<div class=\"container\">\n<h2>R\u00e9my Cohen<\/h2>\n<p class=\"title\">Pr\u00e9sident directeur g\u00e9n\u00e9ral<\/p>\n<p><a href=\"mailto:sscmusic.info@gmail.com\"><br \/>\n<button class=\"button\">Contact<\/button><br \/>\n<\/a><\/p>\n<\/div>\n<\/div>\n<\/div>\n<div class=\"column\">\n<div class=\"card\">\n<p><img decoding=\"async\" style=\"width: 100%;\" src=\"https:\/\/sscmusic.com\/wp-content\/uploads\/2023\/11\/zakia.jpg\" alt=\"Zakia Al Mukadim\" \/><\/p>\n<div class=\"container\">\n<h2>Zakia Al Mukadim<\/h2>\n<p class=\"title\">Advisor &amp; Booking<\/p>\n<p><a href=\"mailto:sscmusic.info@gmail.com\"><br \/>\n<button class=\"button\">Contact<\/button><br \/>\n<\/a><\/p>\n<\/div>\n<\/div>\n<\/div>\n<div class=\"column\">\n<div class=\"card\">\n<p><img decoding=\"async\" style=\"width: 100%;\" src=\"https:\/\/sscmusic.com\/wp-content\/uploads\/2024\/01\/nbbb.jpg\" alt=\"Badre Shimou\" \/><\/p>\n<div class=\"container\">\n<h2>Badre Shimou<\/h2>\n<p class=\"title\">Chef de projet<\/p>\n<p><a href=\"mailto:sscmusic.info@gmail.com\"><br \/>\n<button class=\"button\">Contact<\/button><br \/>\n<\/a><\/p>\n<\/div>\n<\/div>\n<\/div>\n<div class=\"column\">\n<div class=\"card\">\n<p><img decoding=\"async\" style=\"width: 100%;\" src=\"https:\/\/sscmusic.com\/wp-content\/uploads\/2024\/01\/yassine.jpg\" alt=\"Yacine Arroumia\" \/><\/p>\n<div class=\"container\">\n<h2>Yacine Arroumia<\/h2>\n<p class=\"title\">D\u00e9veloppeur de projets internationaux<\/p>\n<p><a href=\"mailto:sscmusic.info@gmail.com\"><br \/>\n<button class=\"button\">Contact<\/button><br \/>\n<\/a><\/p>\n<\/div>\n<\/div>\n<\/div>\n<div class=\"column\">\n<div class=\"card\">\n<p><img decoding=\"async\" style=\"width: 100%;\" src=\"https:\/\/sscmusic.com\/wp-content\/uploads\/2024\/01\/brak.jpg\" alt=\"Rachid El Brak\" \/><\/p>\n<div class=\"container\">\n<h2>Rachid El Brak<\/h2>\n<p class=\"title\">A&amp;R<\/p>\n<p><a href=\"mailto:sscmusic.info@gmail.com\"><br \/>\n<button class=\"button\">Contact<\/button><br \/>\n<\/a><\/p>\n<\/div>\n<\/div>\n<\/div>\n<\/div>\n\n\t\t<\/div>\n\t<\/div>\n<\/div><\/div><\/div><\/div>\n<\/div>","protected":false},"excerpt":{"rendered":"Mohamed Kania CEO &amp; Founder Contact Remy Cohen Chief Operating Officer Contact Zakia Al Mukadim Advisor &amp; Booking Contact Badre Shimou Project Manager Contact Yacine Arroumia International Project Developer Contact Rachid El Brak A&amp;R Contact","protected":false},"author":1,"featured_media":0,"parent":0,"menu_order":0,"comment_status":"closed","ping_status":"closed","template":"","meta":{"_price":"","_stock":"","_tribe_ticket_header":"","_tribe_default_ticket_provider":"TEC\\Tickets\\Commerce\\Module","_tribe_ticket_capacity":"0","_ticket_start_date":"","_ticket_end_date":"","_tribe_ticket_show_description":"","_tribe_ticket_show_not_going":false,"_tribe_ticket_use_global_stock":"","_tribe_ticket_global_stock_level":"","_global_stock_mode":"","_global_stock_cap":"","_tribe_rsvp_for_event":"","_tribe_ticket_going_count":"","_tribe_ticket_not_going_count":"","_tribe_tickets_list":"[]","_tribe_ticket_has_attendee_info_fields":false,"footnotes":"","_tec_slr_enabled":"","_tec_slr_layout":""},"class_list":["post-3019","page","type-page","status-publish","hentry"],"yoast_head":"<!-- This site is optimized with the Yoast SEO Premium plugin v22.6 (Yoast SEO v27.5) - https:\/\/yoast.com\/product\/yoast-seo-premium-wordpress\/ -->\n<title>Team SSC MUSIC CEO &amp; Founder Contact Info - SSC Music<\/title>\n<meta name=\"description\" content=\"Discover Team SSC MUSIC and its key members: CEO &amp; Founder, COO, Head of Live, Marketing Director, Director, Photographer &amp; Designer\" \/>\n<meta name=\"robots\" content=\"index, follow, max-snippet:-1, max-image-preview:large, max-video-preview:-1\" \/>\n<link rel=\"canonical\" href=\"https:\/\/sscmusic.com\/fr\/team\/\" \/>\n<meta property=\"og:locale\" content=\"fr_FR\" \/>\n<meta property=\"og:type\" content=\"article\" \/>\n<meta property=\"og:title\" content=\"Team\" \/>\n<meta property=\"og:description\" content=\"Discover Team SSC MUSIC and its key members: CEO &amp; Founder, COO, Head of Live, Marketing Director, Director, Photographer &amp; Designer\" \/>\n<meta property=\"og:url\" content=\"https:\/\/sscmusic.com\/fr\/team\/\" \/>\n<meta property=\"og:site_name\" content=\"SSC Music\" \/>\n<meta property=\"article:publisher\" content=\"https:\/\/facebook.com\/SSCMusicproduction\" \/>\n<meta property=\"article:modified_time\" content=\"2024-10-07T21:02:14+00:00\" \/>\n<meta property=\"og:image\" content=\"https:\/\/sscmusic.com\/wp-content\/uploads\/2023\/12\/simo.jpg\" \/>\n<meta name=\"twitter:card\" content=\"summary_large_image\" \/>\n<meta name=\"twitter:label1\" content=\"Dur\u00e9e de lecture estim\u00e9e\" \/>\n\t<meta name=\"twitter:data1\" content=\"2 minutes\" \/>\n<script type=\"application\/ld+json\" class=\"yoast-schema-graph\">{\"@context\":\"https:\\\/\\\/schema.org\",\"@graph\":[{\"@type\":\"WebPage\",\"@id\":\"https:\\\/\\\/sscmusic.com\\\/team\\\/\",\"url\":\"https:\\\/\\\/sscmusic.com\\\/team\\\/\",\"name\":\"Team SSC MUSIC CEO & Founder Contact Info - SSC Music\",\"isPartOf\":{\"@id\":\"https:\\\/\\\/sscmusic.com\\\/#website\"},\"primaryImageOfPage\":{\"@id\":\"https:\\\/\\\/sscmusic.com\\\/team\\\/#primaryimage\"},\"image\":{\"@id\":\"https:\\\/\\\/sscmusic.com\\\/team\\\/#primaryimage\"},\"thumbnailUrl\":\"https:\\\/\\\/sscmusic.com\\\/wp-content\\\/uploads\\\/2023\\\/12\\\/simo.jpg\",\"datePublished\":\"2023-12-12T15:26:31+00:00\",\"dateModified\":\"2024-10-07T21:02:14+00:00\",\"description\":\"Discover Team SSC MUSIC and its key members: CEO & Founder, COO, Head of Live, Marketing Director, Director, Photographer & Designer\",\"breadcrumb\":{\"@id\":\"https:\\\/\\\/sscmusic.com\\\/team\\\/#breadcrumb\"},\"inLanguage\":\"fr-FR\",\"potentialAction\":[{\"@type\":\"ReadAction\",\"target\":[\"https:\\\/\\\/sscmusic.com\\\/team\\\/\"]}]},{\"@type\":\"ImageObject\",\"inLanguage\":\"fr-FR\",\"@id\":\"https:\\\/\\\/sscmusic.com\\\/team\\\/#primaryimage\",\"url\":\"https:\\\/\\\/sscmusic.com\\\/wp-content\\\/uploads\\\/2023\\\/12\\\/simo.jpg\",\"contentUrl\":\"https:\\\/\\\/sscmusic.com\\\/wp-content\\\/uploads\\\/2023\\\/12\\\/simo.jpg\"},{\"@type\":\"BreadcrumbList\",\"@id\":\"https:\\\/\\\/sscmusic.com\\\/team\\\/#breadcrumb\",\"itemListElement\":[{\"@type\":\"ListItem\",\"position\":1,\"name\":\"Home\",\"item\":\"https:\\\/\\\/sscmusic.com\\\/\"},{\"@type\":\"ListItem\",\"position\":2,\"name\":\"Team\"}]},{\"@type\":\"WebSite\",\"@id\":\"https:\\\/\\\/sscmusic.com\\\/#website\",\"url\":\"https:\\\/\\\/sscmusic.com\\\/\",\"name\":\"SSC Music\",\"description\":\"Soldier Sergeant Chief\",\"publisher\":{\"@id\":\"https:\\\/\\\/sscmusic.com\\\/#organization\"},\"alternateName\":\"SSC Music\",\"potentialAction\":[{\"@type\":\"SearchAction\",\"target\":{\"@type\":\"EntryPoint\",\"urlTemplate\":\"https:\\\/\\\/sscmusic.com\\\/?s={search_term_string}\"},\"query-input\":{\"@type\":\"PropertyValueSpecification\",\"valueRequired\":true,\"valueName\":\"search_term_string\"}}],\"inLanguage\":\"fr-FR\"},{\"@type\":\"Organization\",\"@id\":\"https:\\\/\\\/sscmusic.com\\\/#organization\",\"name\":\"SSC Music\",\"alternateName\":\"SSC Music\",\"url\":\"https:\\\/\\\/sscmusic.com\\\/\",\"logo\":{\"@type\":\"ImageObject\",\"inLanguage\":\"fr-FR\",\"@id\":\"https:\\\/\\\/sscmusic.com\\\/#\\\/schema\\\/logo\\\/image\\\/\",\"url\":\"https:\\\/\\\/sscmusic.com\\\/wp-content\\\/uploads\\\/2024\\\/02\\\/logo-page-one.jpg\",\"contentUrl\":\"https:\\\/\\\/sscmusic.com\\\/wp-content\\\/uploads\\\/2024\\\/02\\\/logo-page-one.jpg\",\"width\":2000,\"height\":1600,\"caption\":\"SSC Music\"},\"image\":{\"@id\":\"https:\\\/\\\/sscmusic.com\\\/#\\\/schema\\\/logo\\\/image\\\/\"},\"sameAs\":[\"https:\\\/\\\/facebook.com\\\/SSCMusicproduction\",\"https:\\\/\\\/www.instagram.com\\\/ssc_music\\\/\"],\"publishingPrinciples\":\"https:\\\/\\\/sscmusic.com\\\/\",\"ownershipFundingInfo\":\"https:\\\/\\\/sscmusic.com\\\/\"}]}<\/script>\n<!-- \/ Yoast SEO Premium plugin. -->","yoast_head_json":{"title":"Team SSC MUSIC CEO & Founder Contact Info - SSC Music","description":"Discover Team SSC MUSIC and its key members: CEO & Founder, COO, Head of Live, Marketing Director, Director, Photographer & Designer","robots":{"index":"index","follow":"follow","max-snippet":"max-snippet:-1","max-image-preview":"max-image-preview:large","max-video-preview":"max-video-preview:-1"},"canonical":"https:\/\/sscmusic.com\/fr\/team\/","og_locale":"fr_FR","og_type":"article","og_title":"Team","og_description":"Discover Team SSC MUSIC and its key members: CEO & Founder, COO, Head of Live, Marketing Director, Director, Photographer & Designer","og_url":"https:\/\/sscmusic.com\/fr\/team\/","og_site_name":"SSC Music","article_publisher":"https:\/\/facebook.com\/SSCMusicproduction","article_modified_time":"2024-10-07T21:02:14+00:00","og_image":[{"url":"https:\/\/sscmusic.com\/wp-content\/uploads\/2023\/12\/simo.jpg","type":"","width":"","height":""}],"twitter_card":"summary_large_image","twitter_misc":{"Dur\u00e9e de lecture estim\u00e9e":"2 minutes"},"schema":{"@context":"https:\/\/schema.org","@graph":[{"@type":"WebPage","@id":"https:\/\/sscmusic.com\/team\/","url":"https:\/\/sscmusic.com\/team\/","name":"Team SSC MUSIC CEO & Founder Contact Info - SSC Music","isPartOf":{"@id":"https:\/\/sscmusic.com\/#website"},"primaryImageOfPage":{"@id":"https:\/\/sscmusic.com\/team\/#primaryimage"},"image":{"@id":"https:\/\/sscmusic.com\/team\/#primaryimage"},"thumbnailUrl":"https:\/\/sscmusic.com\/wp-content\/uploads\/2023\/12\/simo.jpg","datePublished":"2023-12-12T15:26:31+00:00","dateModified":"2024-10-07T21:02:14+00:00","description":"Discover Team SSC MUSIC and its key members: CEO & Founder, COO, Head of Live, Marketing Director, Director, Photographer & Designer","breadcrumb":{"@id":"https:\/\/sscmusic.com\/team\/#breadcrumb"},"inLanguage":"fr-FR","potentialAction":[{"@type":"ReadAction","target":["https:\/\/sscmusic.com\/team\/"]}]},{"@type":"ImageObject","inLanguage":"fr-FR","@id":"https:\/\/sscmusic.com\/team\/#primaryimage","url":"https:\/\/sscmusic.com\/wp-content\/uploads\/2023\/12\/simo.jpg","contentUrl":"https:\/\/sscmusic.com\/wp-content\/uploads\/2023\/12\/simo.jpg"},{"@type":"BreadcrumbList","@id":"https:\/\/sscmusic.com\/team\/#breadcrumb","itemListElement":[{"@type":"ListItem","position":1,"name":"Home","item":"https:\/\/sscmusic.com\/"},{"@type":"ListItem","position":2,"name":"Team"}]},{"@type":"WebSite","@id":"https:\/\/sscmusic.com\/#website","url":"https:\/\/sscmusic.com\/","name":"Musique de PVC","description":"Sergent-chef soldat","publisher":{"@id":"https:\/\/sscmusic.com\/#organization"},"alternateName":"SSC Music","potentialAction":[{"@type":"SearchAction","target":{"@type":"EntryPoint","urlTemplate":"https:\/\/sscmusic.com\/?s={search_term_string}"},"query-input":{"@type":"PropertyValueSpecification","valueRequired":true,"valueName":"search_term_string"}}],"inLanguage":"fr-FR"},{"@type":"Organization","@id":"https:\/\/sscmusic.com\/#organization","name":"Musique de PVC","alternateName":"SSC Music","url":"https:\/\/sscmusic.com\/","logo":{"@type":"ImageObject","inLanguage":"fr-FR","@id":"https:\/\/sscmusic.com\/#\/schema\/logo\/image\/","url":"https:\/\/sscmusic.com\/wp-content\/uploads\/2024\/02\/logo-page-one.jpg","contentUrl":"https:\/\/sscmusic.com\/wp-content\/uploads\/2024\/02\/logo-page-one.jpg","width":2000,"height":1600,"caption":"SSC Music"},"image":{"@id":"https:\/\/sscmusic.com\/#\/schema\/logo\/image\/"},"sameAs":["https:\/\/facebook.com\/SSCMusicproduction","https:\/\/www.instagram.com\/ssc_music\/"],"publishingPrinciples":"https:\/\/sscmusic.com\/","ownershipFundingInfo":"https:\/\/sscmusic.com\/"}]}},"ticketed":false,"_links":{"self":[{"href":"https:\/\/sscmusic.com\/fr\/wp-json\/wp\/v2\/pages\/3019","targetHints":{"allow":["GET"]}}],"collection":[{"href":"https:\/\/sscmusic.com\/fr\/wp-json\/wp\/v2\/pages"}],"about":[{"href":"https:\/\/sscmusic.com\/fr\/wp-json\/wp\/v2\/types\/page"}],"author":[{"embeddable":true,"href":"https:\/\/sscmusic.com\/fr\/wp-json\/wp\/v2\/users\/1"}],"replies":[{"embeddable":true,"href":"https:\/\/sscmusic.com\/fr\/wp-json\/wp\/v2\/comments?post=3019"}],"version-history":[{"count":44,"href":"https:\/\/sscmusic.com\/fr\/wp-json\/wp\/v2\/pages\/3019\/revisions"}],"predecessor-version":[{"id":3838,"href":"https:\/\/sscmusic.com\/fr\/wp-json\/wp\/v2\/pages\/3019\/revisions\/3838"}],"wp:attachment":[{"href":"https:\/\/sscmusic.com\/fr\/wp-json\/wp\/v2\/media?parent=3019"}],"curies":[{"name":"wp","href":"https:\/\/api.w.org\/{rel}","templated":true}]}}