{"id":3549,"date":"2024-01-29T15:26:28","date_gmt":"2024-01-29T15:26:28","guid":{"rendered":"https:\/\/sscmusic.com\/?page_id=3549"},"modified":"2024-01-31T14:32:19","modified_gmt":"2024-01-31T14:32:19","slug":"privacy-policy","status":"publish","type":"page","link":"https:\/\/sscmusic.com\/fr\/privacy-policy\/","title":{"rendered":"politique de confidentialit\u00e9"},"content":{"rendered":"<div class=\"wpb-content-wrapper\"><div class=\"vc_row wpb_row vc_row-fluid\"><div class=\"wpb_column vc_column_container vc_col-sm-12\"><div class=\"vc_column-inner\"><div class=\"wpb_wrapper\">\n\t<div class=\"wpb_text_column wpb_content_element\" >\n\t\t<div class=\"wpb_wrapper\">\n\t\t\t<h1>Politique de confidentialit\u00e9 de SSC Musique<\/h1>\n<p>SSC Music exploite le site Web https:\/\/sscmusic.com\/, qui fournit le SERVICE.<\/p>\n<p>Cette page est utilis\u00e9e pour informer les visiteurs du site Web de nos politiques en mati\u00e8re de collecte, d&#039;utilisation et de divulgation d&#039;informations personnelles si quelqu&#039;un d\u00e9cide d&#039;utiliser notre service, le site Web sscmusic.com.<\/p>\n<p>Si vous choisissez d&#039;utiliser notre service, vous acceptez la collecte et l&#039;utilisation d&#039;informations en relation avec cette politique. Les informations personnelles que nous collectons sont utilis\u00e9es pour fournir et am\u00e9liorer le service. Nous n\u2019utiliserons ni ne partagerons vos informations avec qui que ce soit, sauf dans les cas d\u00e9crits dans la pr\u00e9sente politique de confidentialit\u00e9.<\/p>\n<p>Les termes utilis\u00e9s dans la pr\u00e9sente politique de confidentialit\u00e9 ont la m\u00eame signification que dans nos conditions g\u00e9n\u00e9rales, accessibles sur https:\/\/sscmusic.com\/, sauf indication contraire dans la pr\u00e9sente politique de confidentialit\u00e9.<\/p>\n<h2>Collecte et utilisation des informations<\/h2>\n<p>Pour une meilleure exp\u00e9rience lors de l&#039;utilisation de notre Service, nous pouvons vous demander de nous fournir certaines informations personnellement identifiables, y compris, mais sans s&#039;y limiter, votre nom, votre num\u00e9ro de t\u00e9l\u00e9phone et votre adresse postale. Les informations que nous collectons seront utilis\u00e9es pour vous contacter ou vous identifier.<\/p>\n<h2>Donn\u00e9es du journal<\/h2>\n<p>Nous souhaitons vous informer que chaque fois que vous visitez notre service, nous collectons des informations que votre navigateur nous envoie, appel\u00e9es donn\u00e9es de journal. Ces donn\u00e9es de journal peuvent inclure des informations telles que l&#039;adresse de protocole Internet (\u00ab\u00a0IP\u00a0\u00bb) de votre ordinateur, la version du navigateur, les pages de notre service que vous visitez, l&#039;heure et la date de votre visite, le temps pass\u00e9 sur ces pages et d&#039;autres statistiques.<\/p>\n<h2>Biscuits<\/h2>\n<p>Les cookies sont des fichiers contenant une petite quantit\u00e9 de donn\u00e9es qui sont couramment utilis\u00e9s comme identifiant unique anonyme. Ceux-ci sont envoy\u00e9s \u00e0 votre navigateur depuis le site Internet que vous visitez et sont stock\u00e9s sur le disque dur de votre ordinateur.<\/p>\n<p>Notre site Web utilise ces \u00ab cookies \u00bb pour collecter des informations et am\u00e9liorer notre service. Vous avez la possibilit\u00e9 d&#039;accepter ou de refuser ces cookies, et de savoir quand un cookie est envoy\u00e9 sur votre ordinateur. Si vous choisissez de refuser nos cookies, vous ne pourrez peut-\u00eatre pas utiliser certaines parties de notre Service.<\/p>\n<h2>Les fournisseurs de services<\/h2>\n<p>Nous pouvons employer des soci\u00e9t\u00e9s tierces et des particuliers pour les raisons suivantes\u00a0:<\/p>\n<ul>\n<li>Pour faciliter notre Service\u00a0;<\/li>\n<li>Pour fournir le Service en notre nom\u00a0;<\/li>\n<li>Pour ex\u00e9cuter des services li\u00e9s au Service\u00a0; ou<\/li>\n<li>Pour nous aider \u00e0 analyser la mani\u00e8re dont notre Service est utilis\u00e9.<\/li>\n<\/ul>\n<p>Nous souhaitons informer les utilisateurs de nos services que ces tiers ont acc\u00e8s \u00e0 vos informations personnelles. La raison est d&#039;accomplir les t\u00e2ches qui leur sont assign\u00e9es en notre nom. Ils sont toutefois tenus de ne pas divulguer ni utiliser ces informations \u00e0 d\u2019autres fins.<\/p>\n<h2>S\u00e9curit\u00e9<\/h2>\n<p>Nous appr\u00e9cions la confiance que vous nous accordez en nous fournissant vos informations personnelles, c&#039;est pourquoi nous nous effor\u00e7ons d&#039;utiliser des moyens commercialement acceptables pour les prot\u00e9ger. Mais rappelez-vous qu&#039;aucune m\u00e9thode de transmission sur Internet ou m\u00e9thode de stockage \u00e9lectronique n&#039;est 100% s\u00fbre et fiable, et nous ne pouvons garantir sa s\u00e9curit\u00e9 absolue.<\/p>\n<h2>Liens vers d&#039;autres sites<\/h2>\n<p>Notre Service peut contenir des liens vers d&#039;autres sites. Si vous cliquez sur un lien tiers, vous serez dirig\u00e9 vers ce site. Notez que ces sites externes ne sont pas exploit\u00e9s par nous. Par cons\u00e9quent, nous vous conseillons fortement de consulter la politique de confidentialit\u00e9 de ces sites Web. Nous n&#039;avons aucun contr\u00f4le et n&#039;assumons aucune responsabilit\u00e9 quant au contenu, aux politiques de confidentialit\u00e9 ou aux pratiques de tout site ou service tiers.<\/p>\n<p>Confidentialit\u00e9 des enfants<\/p>\n<p>Nos services ne s&#039;adressent pas aux personnes de moins de 13 ans. Nous ne collectons pas sciemment d&#039;informations personnelles identifiables aupr\u00e8s d&#039;enfants de moins de 13 ans. Si nous d\u00e9couvrons qu&#039;un enfant de moins de 13 ans nous a fourni des informations personnelles, nous les supprimons imm\u00e9diatement de nos serveurs. Si vous \u00eates un parent ou un tuteur et que vous savez que votre enfant nous a fourni des informations personnelles, veuillez nous contacter afin que nous puissions prendre les mesures n\u00e9cessaires.<\/p>\n<h2>Contactez-nous<\/h2>\n<p>Si vous avez des questions ou des suggestions concernant notre politique de confidentialit\u00e9, n&#039;h\u00e9sitez pas \u00e0 nous contacter.<\/p>\n\n\t\t<\/div>\n\t<\/div>\n<\/div><\/div><\/div><\/div>\n<\/div>","protected":false},"excerpt":{"rendered":"Privacy Policy of SSC Music SSC Music operates the https:\/\/sscmusic.com\/ website, which provides the SERVICE. This page is used to inform website visitors regarding our policies with the collection, use, and disclosure of Personal Information if anyone decided to use our Service, the sscmusic.com website. If you choose to use our Service, then you agree to the collection and use of information in relation with this policy. The Personal Information that we collect are used for providing and improving the [...]","protected":false},"author":1,"featured_media":0,"parent":0,"menu_order":0,"comment_status":"closed","ping_status":"closed","template":"","meta":{"_price":"","_stock":"","_tribe_ticket_header":"","_tribe_default_ticket_provider":"","_tribe_ticket_capacity":"0","_ticket_start_date":"","_ticket_end_date":"","_tribe_ticket_show_description":"","_tribe_ticket_show_not_going":false,"_tribe_ticket_use_global_stock":"","_tribe_ticket_global_stock_level":"","_global_stock_mode":"","_global_stock_cap":"","_tribe_rsvp_for_event":"","_tribe_ticket_going_count":"","_tribe_ticket_not_going_count":"","_tribe_tickets_list":"[]","_tribe_ticket_has_attendee_info_fields":false,"footnotes":"","_tec_slr_enabled":"","_tec_slr_layout":""},"class_list":["post-3549","page","type-page","status-publish","hentry"],"yoast_head":"<!-- This site is optimized with the Yoast SEO Premium plugin v22.6 (Yoast SEO v27.5) - https:\/\/yoast.com\/product\/yoast-seo-premium-wordpress\/ -->\n<title>Privacy Policy - SSC Music<\/title>\n<meta name=\"robots\" content=\"index, follow, max-snippet:-1, max-image-preview:large, max-video-preview:-1\" \/>\n<link rel=\"canonical\" href=\"https:\/\/sscmusic.com\/fr\/privacy-policy\/\" \/>\n<meta property=\"og:locale\" content=\"fr_FR\" \/>\n<meta property=\"og:type\" content=\"article\" \/>\n<meta property=\"og:title\" content=\"Privacy Policy\" \/>\n<meta property=\"og:url\" content=\"https:\/\/sscmusic.com\/fr\/privacy-policy\/\" \/>\n<meta property=\"og:site_name\" content=\"SSC Music\" \/>\n<meta property=\"article:publisher\" content=\"https:\/\/facebook.com\/SSCMusicproduction\" \/>\n<meta property=\"article:modified_time\" content=\"2024-01-31T14:32:19+00:00\" \/>\n<meta property=\"og:image\" content=\"https:\/\/sscmusic.com\/wp-content\/uploads\/2024\/02\/logo-page-one.jpg\" \/>\n\t<meta property=\"og:image:width\" content=\"2000\" \/>\n\t<meta property=\"og:image:height\" content=\"1600\" \/>\n\t<meta property=\"og:image:type\" content=\"image\/jpeg\" \/>\n<meta name=\"twitter:card\" content=\"summary_large_image\" \/>\n<meta name=\"twitter:label1\" content=\"Dur\u00e9e de lecture estim\u00e9e\" \/>\n\t<meta name=\"twitter:data1\" content=\"3 minutes\" \/>\n<script type=\"application\/ld+json\" class=\"yoast-schema-graph\">{\"@context\":\"https:\\\/\\\/schema.org\",\"@graph\":[{\"@type\":\"WebPage\",\"@id\":\"https:\\\/\\\/sscmusic.com\\\/privacy-policy\\\/\",\"url\":\"https:\\\/\\\/sscmusic.com\\\/privacy-policy\\\/\",\"name\":\"Privacy Policy - SSC Music\",\"isPartOf\":{\"@id\":\"https:\\\/\\\/sscmusic.com\\\/#website\"},\"datePublished\":\"2024-01-29T15:26:28+00:00\",\"dateModified\":\"2024-01-31T14:32:19+00:00\",\"breadcrumb\":{\"@id\":\"https:\\\/\\\/sscmusic.com\\\/privacy-policy\\\/#breadcrumb\"},\"inLanguage\":\"fr-FR\",\"potentialAction\":[{\"@type\":\"ReadAction\",\"target\":[\"https:\\\/\\\/sscmusic.com\\\/privacy-policy\\\/\"]}]},{\"@type\":\"BreadcrumbList\",\"@id\":\"https:\\\/\\\/sscmusic.com\\\/privacy-policy\\\/#breadcrumb\",\"itemListElement\":[{\"@type\":\"ListItem\",\"position\":1,\"name\":\"Home\",\"item\":\"https:\\\/\\\/sscmusic.com\\\/\"},{\"@type\":\"ListItem\",\"position\":2,\"name\":\"Privacy Policy\"}]},{\"@type\":\"WebSite\",\"@id\":\"https:\\\/\\\/sscmusic.com\\\/#website\",\"url\":\"https:\\\/\\\/sscmusic.com\\\/\",\"name\":\"SSC Music\",\"description\":\"Soldier Sergeant Chief\",\"publisher\":{\"@id\":\"https:\\\/\\\/sscmusic.com\\\/#organization\"},\"alternateName\":\"SSC Music\",\"potentialAction\":[{\"@type\":\"SearchAction\",\"target\":{\"@type\":\"EntryPoint\",\"urlTemplate\":\"https:\\\/\\\/sscmusic.com\\\/?s={search_term_string}\"},\"query-input\":{\"@type\":\"PropertyValueSpecification\",\"valueRequired\":true,\"valueName\":\"search_term_string\"}}],\"inLanguage\":\"fr-FR\"},{\"@type\":\"Organization\",\"@id\":\"https:\\\/\\\/sscmusic.com\\\/#organization\",\"name\":\"SSC Music\",\"alternateName\":\"SSC Music\",\"url\":\"https:\\\/\\\/sscmusic.com\\\/\",\"logo\":{\"@type\":\"ImageObject\",\"inLanguage\":\"fr-FR\",\"@id\":\"https:\\\/\\\/sscmusic.com\\\/#\\\/schema\\\/logo\\\/image\\\/\",\"url\":\"https:\\\/\\\/sscmusic.com\\\/wp-content\\\/uploads\\\/2024\\\/02\\\/logo-page-one.jpg\",\"contentUrl\":\"https:\\\/\\\/sscmusic.com\\\/wp-content\\\/uploads\\\/2024\\\/02\\\/logo-page-one.jpg\",\"width\":2000,\"height\":1600,\"caption\":\"SSC Music\"},\"image\":{\"@id\":\"https:\\\/\\\/sscmusic.com\\\/#\\\/schema\\\/logo\\\/image\\\/\"},\"sameAs\":[\"https:\\\/\\\/facebook.com\\\/SSCMusicproduction\",\"https:\\\/\\\/www.instagram.com\\\/ssc_music\\\/\"],\"publishingPrinciples\":\"https:\\\/\\\/sscmusic.com\\\/\",\"ownershipFundingInfo\":\"https:\\\/\\\/sscmusic.com\\\/\"}]}<\/script>\n<!-- \/ Yoast SEO Premium plugin. -->","yoast_head_json":{"title":"Privacy Policy - SSC Music","robots":{"index":"index","follow":"follow","max-snippet":"max-snippet:-1","max-image-preview":"max-image-preview:large","max-video-preview":"max-video-preview:-1"},"canonical":"https:\/\/sscmusic.com\/fr\/privacy-policy\/","og_locale":"fr_FR","og_type":"article","og_title":"Privacy Policy","og_url":"https:\/\/sscmusic.com\/fr\/privacy-policy\/","og_site_name":"SSC Music","article_publisher":"https:\/\/facebook.com\/SSCMusicproduction","article_modified_time":"2024-01-31T14:32:19+00:00","og_image":[{"width":2000,"height":1600,"url":"https:\/\/sscmusic.com\/wp-content\/uploads\/2024\/02\/logo-page-one.jpg","type":"image\/jpeg"}],"twitter_card":"summary_large_image","twitter_misc":{"Dur\u00e9e de lecture estim\u00e9e":"3 minutes"},"schema":{"@context":"https:\/\/schema.org","@graph":[{"@type":"WebPage","@id":"https:\/\/sscmusic.com\/privacy-policy\/","url":"https:\/\/sscmusic.com\/privacy-policy\/","name":"Privacy Policy - SSC Music","isPartOf":{"@id":"https:\/\/sscmusic.com\/#website"},"datePublished":"2024-01-29T15:26:28+00:00","dateModified":"2024-01-31T14:32:19+00:00","breadcrumb":{"@id":"https:\/\/sscmusic.com\/privacy-policy\/#breadcrumb"},"inLanguage":"fr-FR","potentialAction":[{"@type":"ReadAction","target":["https:\/\/sscmusic.com\/privacy-policy\/"]}]},{"@type":"BreadcrumbList","@id":"https:\/\/sscmusic.com\/privacy-policy\/#breadcrumb","itemListElement":[{"@type":"ListItem","position":1,"name":"Home","item":"https:\/\/sscmusic.com\/"},{"@type":"ListItem","position":2,"name":"Privacy Policy"}]},{"@type":"WebSite","@id":"https:\/\/sscmusic.com\/#website","url":"https:\/\/sscmusic.com\/","name":"Musique de PVC","description":"Sergent-chef soldat","publisher":{"@id":"https:\/\/sscmusic.com\/#organization"},"alternateName":"SSC Music","potentialAction":[{"@type":"SearchAction","target":{"@type":"EntryPoint","urlTemplate":"https:\/\/sscmusic.com\/?s={search_term_string}"},"query-input":{"@type":"PropertyValueSpecification","valueRequired":true,"valueName":"search_term_string"}}],"inLanguage":"fr-FR"},{"@type":"Organization","@id":"https:\/\/sscmusic.com\/#organization","name":"Musique de PVC","alternateName":"SSC Music","url":"https:\/\/sscmusic.com\/","logo":{"@type":"ImageObject","inLanguage":"fr-FR","@id":"https:\/\/sscmusic.com\/#\/schema\/logo\/image\/","url":"https:\/\/sscmusic.com\/wp-content\/uploads\/2024\/02\/logo-page-one.jpg","contentUrl":"https:\/\/sscmusic.com\/wp-content\/uploads\/2024\/02\/logo-page-one.jpg","width":2000,"height":1600,"caption":"SSC Music"},"image":{"@id":"https:\/\/sscmusic.com\/#\/schema\/logo\/image\/"},"sameAs":["https:\/\/facebook.com\/SSCMusicproduction","https:\/\/www.instagram.com\/ssc_music\/"],"publishingPrinciples":"https:\/\/sscmusic.com\/","ownershipFundingInfo":"https:\/\/sscmusic.com\/"}]}},"ticketed":false,"_links":{"self":[{"href":"https:\/\/sscmusic.com\/fr\/wp-json\/wp\/v2\/pages\/3549","targetHints":{"allow":["GET"]}}],"collection":[{"href":"https:\/\/sscmusic.com\/fr\/wp-json\/wp\/v2\/pages"}],"about":[{"href":"https:\/\/sscmusic.com\/fr\/wp-json\/wp\/v2\/types\/page"}],"author":[{"embeddable":true,"href":"https:\/\/sscmusic.com\/fr\/wp-json\/wp\/v2\/users\/1"}],"replies":[{"embeddable":true,"href":"https:\/\/sscmusic.com\/fr\/wp-json\/wp\/v2\/comments?post=3549"}],"version-history":[{"count":4,"href":"https:\/\/sscmusic.com\/fr\/wp-json\/wp\/v2\/pages\/3549\/revisions"}],"predecessor-version":[{"id":3554,"href":"https:\/\/sscmusic.com\/fr\/wp-json\/wp\/v2\/pages\/3549\/revisions\/3554"}],"wp:attachment":[{"href":"https:\/\/sscmusic.com\/fr\/wp-json\/wp\/v2\/media?parent=3549"}],"curies":[{"name":"wp","href":"https:\/\/api.w.org\/{rel}","templated":true}]}}